{"id":1701,"date":"2021-05-11T07:43:32","date_gmt":"2021-05-11T07:43:32","guid":{"rendered":"http:\/\/servicii.dronexpert.md\/?page_id=1701"},"modified":"2021-05-11T10:54:38","modified_gmt":"2021-05-11T10:54:38","slug":"monitorizarea-dronelor","status":"publish","type":"page","link":"https:\/\/servicii.dronexpert.md\/ru\/monitorizarea-dronelor\/","title":{"rendered":"Monitorizarea dronelor"},"content":{"rendered":"<div data-elementor-type=\"wp-page\" data-elementor-id=\"1701\" class=\"elementor elementor-1701\">\n\t\t\t\t\t\t\t\t\t<section class=\"elementor-section elementor-top-section elementor-element elementor-element-d52b11a elementor-section-full_width elementor-section-stretched elementor-section-height-min-height elementor-section-height-default elementor-section-items-middle wd-section-disabled\" data-id=\"d52b11a\" data-element_type=\"section\" data-settings=\"{&quot;stretch_section&quot;:&quot;section-stretched&quot;,&quot;background_background&quot;:&quot;classic&quot;}\">\n\t\t\t\t\t\t<div class=\"elementor-container elementor-column-gap-default\">\n\t\t\t\t\t<div class=\"elementor-column elementor-col-50 elementor-top-column elementor-element elementor-element-af36851\" data-id=\"af36851\" data-element_type=\"column\">\n\t\t\t<div class=\"elementor-widget-wrap\">\n\t\t\t\t\t\t\t\t\t<\/div>\n\t\t<\/div>\n\t\t\t\t<div class=\"elementor-column elementor-col-50 elementor-top-column elementor-element elementor-element-91023dd\" data-id=\"91023dd\" data-element_type=\"column\">\n\t\t\t<div class=\"elementor-widget-wrap\">\n\t\t\t\t\t\t\t\t\t<\/div>\n\t\t<\/div>\n\t\t\t\t\t\t\t<\/div>\n\t\t<\/section>\n\t\t\t\t<section class=\"elementor-section elementor-top-section elementor-element elementor-element-ea87d34 elementor-section-boxed elementor-section-height-default elementor-section-height-default wd-section-disabled\" data-id=\"ea87d34\" data-element_type=\"section\">\n\t\t\t\t\t\t<div class=\"elementor-container elementor-column-gap-default\">\n\t\t\t\t\t<div class=\"elementor-column elementor-col-100 elementor-top-column elementor-element elementor-element-4c52cd3\" data-id=\"4c52cd3\" data-element_type=\"column\">\n\t\t\t<div class=\"elementor-widget-wrap elementor-element-populated\">\n\t\t\t\t\t\t\t\t<div class=\"elementor-element elementor-element-a43ed60 elementor-widget elementor-widget-wd_title\" data-id=\"a43ed60\" data-element_type=\"widget\" data-widget_type=\"wd_title.default\">\n\t\t\t\t<div class=\"elementor-widget-container\">\n\t\t\t\t\t\t<link rel=\"stylesheet\" id=\"wd-section-title-css\" href=\"https:\/\/servicii.dronexpert.md\/wp-content\/themes\/dron\/css\/parts\/el-section-title.min.css?ver=1.0\" type=\"text\/css\" media=\"all\" \/> \t\t\t\t\t<div class=\"title-wrapper set-mb-s reset-last-child wd-title-color-default wd-title-style-default wd-title-size-default text-center\">\n\n\t\t\t\n\t\t\t<div class=\"liner-continer\">\n\n\t\t\t\t<h1 class=\"woodmart-title-container title wd-fontsize-l\">\n\t\t\t\t\tMONITORIZAREA DRONELOR\t\t\t\t<\/h1>\n\n\t\t\t\t\n\t\t\t<\/div>\n\n\t\t\t\t\t<\/div>\n\t\t\t\t<\/div>\n\t\t\t\t<\/div>\n\t\t\t\t<div class=\"elementor-element elementor-element-b9af542 color-scheme-inherit text-left elementor-widget elementor-widget-text-editor\" data-id=\"b9af542\" data-element_type=\"widget\" data-widget_type=\"text-editor.default\">\n\t\t\t\t<div class=\"elementor-widget-container\">\n\t\t\t\t\t\t\t<p>Gestionarea tuturor lucr\u0103rilor pe toate terenurile ce apar\u021bin \u00eentreprinderilor mari \u0219i mijlocii este deseori o sarcin\u0103 dificil\u0103 pentru acestea, deoarece aceste suprafe\u021be deseori cuprind mii \u0219i zeci de mii de hectare. Uneori, controlul tuturor opera\u021biunilor \u0219i proceselor tehnologice pur \u0219i simplu nu este posibil, ceea ce afecteaz\u0103 direct r\u0103spunsul prompt la situa\u021biile problematice identificate.<\/p><p>Problema controlului \u0219i necesitatea unei prezen\u021be constante pe teren \u2013 o solu\u021bie eficient\u0103 la aceast\u0103 problem\u0103 este implementarea serviciilor de monitorizare complexe cu ajutorul dronei.<\/p><p>\u00cen caz c\u0103 ave\u021bi nevoie de un instrument suplimentar de monitorizare opera\u021bional\u0103 pentru evaluarea vizual\u0103 a st\u0103rii culturilor, noi v\u0103 vom furniza \u00eentreprinderii dvs. servicii de monitorizare a c\u00e2mpurilor cu tehnologia UAV (dron\u0103) &#8211; Dvs ve\u021bi vedea absolut totul pe tot parcursul sezonului!<\/p>\t\t\t\t\t\t<\/div>\n\t\t\t\t<\/div>\n\t\t\t\t\t<\/div>\n\t\t<\/div>\n\t\t\t\t\t\t\t<\/div>\n\t\t<\/section>\n\t\t\t\t<section class=\"elementor-section elementor-top-section elementor-element elementor-element-ca49074 elementor-section-boxed elementor-section-height-default elementor-section-height-default wd-section-disabled\" data-id=\"ca49074\" data-element_type=\"section\">\n\t\t\t\t\t\t<div class=\"elementor-container elementor-column-gap-default\">\n\t\t\t\t\t<div class=\"elementor-column elementor-col-100 elementor-top-column elementor-element elementor-element-6d522c3\" data-id=\"6d522c3\" data-element_type=\"column\">\n\t\t\t<div class=\"elementor-widget-wrap elementor-element-populated\">\n\t\t\t\t\t\t\t\t<div class=\"elementor-element elementor-element-2e18518 elementor-widget elementor-widget-wd_title\" data-id=\"2e18518\" data-element_type=\"widget\" data-widget_type=\"wd_title.default\">\n\t\t\t\t<div class=\"elementor-widget-container\">\n\t\t\t\t\t<div class=\"title-wrapper set-mb-s reset-last-child wd-title-color-default wd-title-style-default wd-title-size-default text-left\">\n\n\t\t\t\n\t\t\t<div class=\"liner-continer\">\n\n\t\t\t\t<h1 class=\"woodmart-title-container title wd-fontsize-l\">\n\t\t\t\t\tLucr\u0103ri executate de compania noastr\u0103\t\t\t\t<\/h1>\n\n\t\t\t\t\n\t\t\t<\/div>\n\n\t\t\t\t\t<\/div>\n\t\t\t\t<\/div>\n\t\t\t\t<\/div>\n\t\t\t\t<div class=\"elementor-element elementor-element-59e0dc9 elementor-widget elementor-widget-toggle\" data-id=\"59e0dc9\" data-element_type=\"widget\" data-widget_type=\"toggle.default\">\n\t\t\t\t<div class=\"elementor-widget-container\">\n\t\t\t\t\t<div class=\"elementor-toggle\">\n\t\t\t\t\t\t\t<div class=\"elementor-toggle-item\">\n\t\t\t\t\t<div id=\"elementor-tab-title-9421\" class=\"elementor-tab-title\" data-tab=\"1\" role=\"button\" aria-controls=\"elementor-tab-content-9421\" aria-expanded=\"false\">\n\t\t\t\t\t\t\t\t\t\t\t\t<span class=\"elementor-toggle-icon elementor-toggle-icon-left\" aria-hidden=\"true\">\n\t\t\t\t\t\t\t\t\t\t\t\t\t\t\t<span class=\"elementor-toggle-icon-closed\"><i class=\"fas fa-caret-down\"><\/i><\/span>\n\t\t\t\t\t\t\t\t<span class=\"elementor-toggle-icon-opened\"><i class=\"elementor-toggle-icon-opened fas fa-caret-up\"><\/i><\/span>\n\t\t\t\t\t\t\t\t\t\t\t\t\t<\/span>\n\t\t\t\t\t\t\t\t\t\t\t\t<a class=\"elementor-toggle-title\" tabindex=\"0\">Planificarea lucr\u0103rilor<\/a>\n\t\t\t\t\t<\/div>\n\n\t\t\t\t\t<div id=\"elementor-tab-content-9421\" class=\"elementor-tab-content elementor-clearfix\" data-tab=\"1\" role=\"region\" aria-labelledby=\"elementor-tab-title-9421\"><p>Dezvolt\u0103m \u0219i aprob\u0103m \u00een comun un plan de zbor individual, \u00een func\u021bie de zona b\u0103ncii funciare \u0219i de culturile cultivate. Selectarea zonelor de interes din sec\u021biuni poate fi efectuat\u0103 at\u00e2t \u00een \u200b\u200bavans, c\u00e2t \u0219i \u00een timpul zborului, \u00een timp real.<\/p><p>Planul este un calendar cu un program de zbor \u00een jurul fiec\u0103rui c\u00e2mp al \u00eentreprinderii pe parcursul \u00eentregului sezon.<\/p><\/div>\n\t\t\t\t<\/div>\n\t\t\t\t\t\t\t<div class=\"elementor-toggle-item\">\n\t\t\t\t\t<div id=\"elementor-tab-title-9422\" class=\"elementor-tab-title\" data-tab=\"2\" role=\"button\" aria-controls=\"elementor-tab-content-9422\" aria-expanded=\"false\">\n\t\t\t\t\t\t\t\t\t\t\t\t<span class=\"elementor-toggle-icon elementor-toggle-icon-left\" aria-hidden=\"true\">\n\t\t\t\t\t\t\t\t\t\t\t\t\t\t\t<span class=\"elementor-toggle-icon-closed\"><i class=\"fas fa-caret-down\"><\/i><\/span>\n\t\t\t\t\t\t\t\t<span class=\"elementor-toggle-icon-opened\"><i class=\"elementor-toggle-icon-opened fas fa-caret-up\"><\/i><\/span>\n\t\t\t\t\t\t\t\t\t\t\t\t\t<\/span>\n\t\t\t\t\t\t\t\t\t\t\t\t<a class=\"elementor-toggle-title\" tabindex=\"0\">Executarea lucr\u0103rilor<\/a>\n\t\t\t\t\t<\/div>\n\n\t\t\t\t\t<div id=\"elementor-tab-content-9422\" class=\"elementor-tab-content elementor-clearfix\" data-tab=\"2\" role=\"region\" aria-labelledby=\"elementor-tab-title-9422\"><p>Speciali\u0219tii no\u0219tri realizeaz\u0103 fotografierea \u0219i film\u0103ri aeriene \u2013 imagini foto \u0219i video ale c\u00e2mpurilor, la cererea specialistului dvs. Studiul poate fi efectuat de la o \u00een\u0103l\u021bime de 2 m p\u00e2n\u0103 la 300 m deasupra suprafe\u021bei c\u00e2mpului. \u00cen procesul de filmare, colect\u0103m at\u00e2t materiale foto, c\u00e2t \u0219i materiale video \u00eentr-un format aprobat \u00een prealabil.<\/p><\/div>\n\t\t\t\t<\/div>\n\t\t\t\t\t\t\t<div class=\"elementor-toggle-item\">\n\t\t\t\t\t<div id=\"elementor-tab-title-9423\" class=\"elementor-tab-title\" data-tab=\"3\" role=\"button\" aria-controls=\"elementor-tab-content-9423\" aria-expanded=\"false\">\n\t\t\t\t\t\t\t\t\t\t\t\t<span class=\"elementor-toggle-icon elementor-toggle-icon-left\" aria-hidden=\"true\">\n\t\t\t\t\t\t\t\t\t\t\t\t\t\t\t<span class=\"elementor-toggle-icon-closed\"><i class=\"fas fa-caret-down\"><\/i><\/span>\n\t\t\t\t\t\t\t\t<span class=\"elementor-toggle-icon-opened\"><i class=\"elementor-toggle-icon-opened fas fa-caret-up\"><\/i><\/span>\n\t\t\t\t\t\t\t\t\t\t\t\t\t<\/span>\n\t\t\t\t\t\t\t\t\t\t\t\t<a class=\"elementor-toggle-title\" tabindex=\"0\">Rezultate<\/a>\n\t\t\t\t\t<\/div>\n\n\t\t\t\t\t<div id=\"elementor-tab-content-9423\" class=\"elementor-tab-content elementor-clearfix\" data-tab=\"3\" role=\"region\" aria-labelledby=\"elementor-tab-title-9423\"><p>Sursa principal\u0103 de informa\u021bii este materialul video filmat pe c\u00e2mp, cu durata de la 3 la 10 minute, cu afi\u0219are vizual\u0103 a st\u0103rii c\u00e2mpului, precum \u0219i de la 4 la 10 imagini cu o panoram\u0103 general\u0103 a c\u00e2mpului \u0219i macro fotografiere a zonelor cu probleme.<\/p> \n\n<p>Tot materialul primit este integrat \u00een <b>sistemul de management al produc\u021biei agricole al clientului<\/b> sau transferat \u00een serviciile cloud; exist\u0103, de asemenea, cu posibilitatea de a vizualiza materialul captat <b>imediat dup\u0103 zbor<\/b>.<\/p><\/div>\n\t\t\t\t<\/div>\n\t\t\t\t\t\t\t<div class=\"elementor-toggle-item\">\n\t\t\t\t\t<div id=\"elementor-tab-title-9424\" class=\"elementor-tab-title\" data-tab=\"4\" role=\"button\" aria-controls=\"elementor-tab-content-9424\" aria-expanded=\"false\">\n\t\t\t\t\t\t\t\t\t\t\t\t<span class=\"elementor-toggle-icon elementor-toggle-icon-left\" aria-hidden=\"true\">\n\t\t\t\t\t\t\t\t\t\t\t\t\t\t\t<span class=\"elementor-toggle-icon-closed\"><i class=\"fas fa-caret-down\"><\/i><\/span>\n\t\t\t\t\t\t\t\t<span class=\"elementor-toggle-icon-opened\"><i class=\"elementor-toggle-icon-opened fas fa-caret-up\"><\/i><\/span>\n\t\t\t\t\t\t\t\t\t\t\t\t\t<\/span>\n\t\t\t\t\t\t\t\t\t\t\t\t<a class=\"elementor-toggle-title\" tabindex=\"0\">Livrarea prompt\u0103 a rezultatelor<\/a>\n\t\t\t\t\t<\/div>\n\n\t\t\t\t\t<div id=\"elementor-tab-content-9424\" class=\"elementor-tab-content elementor-clearfix\" data-tab=\"4\" role=\"region\" aria-labelledby=\"elementor-tab-title-9424\">Toate materialele de raportare sunt disponibile pentru client pe un purt\u0103tor de informa\u021bie digital imediat dup\u0103 decolare.\n\n\u00cenc\u0103rcarea datelor c\u0103tre serviciile cloud sau c\u0103tre un <b>sistem de management al \u00eentreprinderii agricole<\/b> se efectueaz\u0103 \u00een termen de 24 de ore.<\/div>\n\t\t\t\t<\/div>\n\t\t\t\t\t\t\t<div class=\"elementor-toggle-item\">\n\t\t\t\t\t<div id=\"elementor-tab-title-9425\" class=\"elementor-tab-title\" data-tab=\"5\" role=\"button\" aria-controls=\"elementor-tab-content-9425\" aria-expanded=\"false\">\n\t\t\t\t\t\t\t\t\t\t\t\t<span class=\"elementor-toggle-icon elementor-toggle-icon-left\" aria-hidden=\"true\">\n\t\t\t\t\t\t\t\t\t\t\t\t\t\t\t<span class=\"elementor-toggle-icon-closed\"><i class=\"fas fa-caret-down\"><\/i><\/span>\n\t\t\t\t\t\t\t\t<span class=\"elementor-toggle-icon-opened\"><i class=\"elementor-toggle-icon-opened fas fa-caret-up\"><\/i><\/span>\n\t\t\t\t\t\t\t\t\t\t\t\t\t<\/span>\n\t\t\t\t\t\t\t\t\t\t\t\t<a class=\"elementor-toggle-title\" tabindex=\"0\">Performan\u021b\u0103<\/a>\n\t\t\t\t\t<\/div>\n\n\t\t\t\t\t<div id=\"elementor-tab-content-9425\" class=\"elementor-tab-content elementor-clearfix\" data-tab=\"5\" role=\"region\" aria-labelledby=\"elementor-tab-title-9425\"><p>P\u00e2n\u0103 la 5000 de hectare \/ zi pentru o echip\u0103 de operatori.<\/p><\/div>\n\t\t\t\t<\/div>\n\t\t\t\t\t\t\t<div class=\"elementor-toggle-item\">\n\t\t\t\t\t<div id=\"elementor-tab-title-9426\" class=\"elementor-tab-title\" data-tab=\"6\" role=\"button\" aria-controls=\"elementor-tab-content-9426\" aria-expanded=\"false\">\n\t\t\t\t\t\t\t\t\t\t\t\t<span class=\"elementor-toggle-icon elementor-toggle-icon-left\" aria-hidden=\"true\">\n\t\t\t\t\t\t\t\t\t\t\t\t\t\t\t<span class=\"elementor-toggle-icon-closed\"><i class=\"fas fa-caret-down\"><\/i><\/span>\n\t\t\t\t\t\t\t\t<span class=\"elementor-toggle-icon-opened\"><i class=\"elementor-toggle-icon-opened fas fa-caret-up\"><\/i><\/span>\n\t\t\t\t\t\t\t\t\t\t\t\t\t<\/span>\n\t\t\t\t\t\t\t\t\t\t\t\t<a class=\"elementor-toggle-title\" tabindex=\"0\">Num\u0103rul de zboruri<\/a>\n\t\t\t\t\t<\/div>\n\n\t\t\t\t\t<div id=\"elementor-tab-content-9426\" class=\"elementor-tab-content elementor-clearfix\" data-tab=\"6\" role=\"region\" aria-labelledby=\"elementor-tab-title-9426\"><p>De p\u00e2n\u0103 la 8 zboruri pe \u00eentreg parcursul sezonului pentru fiecare c\u00e2mp \u00een cele mai importante faze de dezvoltare a plantelor pentru \u00eentreprindere\u00a0<\/p><\/div>\n\t\t\t\t<\/div>\n\t\t\t\t\t\t\t\t<\/div>\n\t\t\t\t<\/div>\n\t\t\t\t<\/div>\n\t\t\t\t\t<\/div>\n\t\t<\/div>\n\t\t\t\t\t\t\t<\/div>\n\t\t<\/section>\n\t\t\t\t\t\t\t<\/div>","protected":false},"excerpt":{"rendered":"<p>MONITORIZAREA DRONELOR Gestionarea tuturor lucr\u0103rilor pe toate terenurile ce apar\u021bin \u00eentreprinderilor mari \u0219i mijlocii este deseori o sarcin\u0103 dificil\u0103 pentru<\/p>","protected":false},"author":2,"featured_media":0,"parent":0,"menu_order":0,"comment_status":"closed","ping_status":"closed","template":"","meta":{"footnotes":""},"class_list":["post-1701","page","type-page","status-publish","hentry"],"yoast_head":"<!-- This site is optimized with the Yoast SEO plugin v20.13 - https:\/\/yoast.com\/wordpress\/plugins\/seo\/ -->\n<title>Monitorizarea dronelor - DronExpert.md<\/title>\n<meta name=\"robots\" content=\"index, follow, max-snippet:-1, max-image-preview:large, max-video-preview:-1\" \/>\n<link rel=\"canonical\" href=\"https:\/\/servicii.dronexpert.md\/ru\/monitorizarea-dronelor\/\" \/>\n<meta property=\"og:locale\" content=\"ru_RU\" \/>\n<meta property=\"og:type\" content=\"article\" \/>\n<meta property=\"og:title\" content=\"Monitorizarea dronelor - DronExpert.md\" \/>\n<meta property=\"og:description\" content=\"MONITORIZAREA DRONELOR Gestionarea tuturor lucr\u0103rilor pe toate terenurile ce apar\u021bin \u00eentreprinderilor mari \u0219i mijlocii este deseori o sarcin\u0103 dificil\u0103 pentru\" \/>\n<meta property=\"og:url\" content=\"https:\/\/servicii.dronexpert.md\/ru\/monitorizarea-dronelor\/\" \/>\n<meta property=\"og:site_name\" content=\"DronExpert.md\" \/>\n<meta property=\"article:publisher\" content=\"https:\/\/www.facebook.com\/dronexpert.md\" \/>\n<meta property=\"article:modified_time\" content=\"2021-05-11T10:54:38+00:00\" \/>\n<meta name=\"twitter:card\" content=\"summary_large_image\" \/>\n<meta name=\"twitter:label1\" content=\"\u041f\u0440\u0438\u043c\u0435\u0440\u043d\u043e\u0435 \u0432\u0440\u0435\u043c\u044f \u0434\u043b\u044f \u0447\u0442\u0435\u043d\u0438\u044f\" \/>\n\t<meta name=\"twitter:data1\" content=\"2 \u043c\u0438\u043d\u0443\u0442\u044b\" \/>\n<script type=\"application\/ld+json\" class=\"yoast-schema-graph\">{\"@context\":\"https:\/\/schema.org\",\"@graph\":[{\"@type\":\"WebPage\",\"@id\":\"https:\/\/servicii.dronexpert.md\/ru\/monitorizarea-dronelor\/\",\"url\":\"https:\/\/servicii.dronexpert.md\/ru\/monitorizarea-dronelor\/\",\"name\":\"Monitorizarea dronelor - DronExpert.md\",\"isPartOf\":{\"@id\":\"https:\/\/servicii.dronexpert.md\/ru\/#website\"},\"datePublished\":\"2021-05-11T07:43:32+00:00\",\"dateModified\":\"2021-05-11T10:54:38+00:00\",\"breadcrumb\":{\"@id\":\"https:\/\/servicii.dronexpert.md\/ru\/monitorizarea-dronelor\/#breadcrumb\"},\"inLanguage\":\"ru-RU\",\"potentialAction\":[{\"@type\":\"ReadAction\",\"target\":[\"https:\/\/servicii.dronexpert.md\/ru\/monitorizarea-dronelor\/\"]}]},{\"@type\":\"BreadcrumbList\",\"@id\":\"https:\/\/servicii.dronexpert.md\/ru\/monitorizarea-dronelor\/#breadcrumb\",\"itemListElement\":[{\"@type\":\"ListItem\",\"position\":1,\"name\":\"\u0413\u043b\u0430\u0432\u043d\u0430\u044f \u0441\u0442\u0440\u0430\u043d\u0438\u0446\u0430\",\"item\":\"https:\/\/servicii.dronexpert.md\/ru\/\"},{\"@type\":\"ListItem\",\"position\":2,\"name\":\"Monitorizarea dronelor\"}]},{\"@type\":\"WebSite\",\"@id\":\"https:\/\/servicii.dronexpert.md\/ru\/#website\",\"url\":\"https:\/\/servicii.dronexpert.md\/ru\/\",\"name\":\"DronExpert.md\",\"description\":\"1\",\"publisher\":{\"@id\":\"https:\/\/servicii.dronexpert.md\/ru\/#organization\"},\"potentialAction\":[{\"@type\":\"SearchAction\",\"target\":{\"@type\":\"EntryPoint\",\"urlTemplate\":\"https:\/\/servicii.dronexpert.md\/ru\/?s={search_term_string}\"},\"query-input\":\"required name=search_term_string\"}],\"inLanguage\":\"ru-RU\"},{\"@type\":\"Organization\",\"@id\":\"https:\/\/servicii.dronexpert.md\/ru\/#organization\",\"name\":\"dronexpert.md\",\"url\":\"https:\/\/servicii.dronexpert.md\/ru\/\",\"logo\":{\"@type\":\"ImageObject\",\"inLanguage\":\"ru-RU\",\"@id\":\"https:\/\/servicii.dronexpert.md\/ru\/#\/schema\/logo\/image\/\",\"url\":\"http:\/\/servicii.dronexpert.md\/wp-content\/uploads\/2023\/02\/dronlogo-secundary.png\",\"contentUrl\":\"http:\/\/servicii.dronexpert.md\/wp-content\/uploads\/2023\/02\/dronlogo-secundary.png\",\"width\":628,\"height\":343,\"caption\":\"dronexpert.md\"},\"image\":{\"@id\":\"https:\/\/servicii.dronexpert.md\/ru\/#\/schema\/logo\/image\/\"},\"sameAs\":[\"https:\/\/www.facebook.com\/dronexpert.md\",\"https:\/\/www.instagram.com\/dronexpert.md\/\"]}]}<\/script>\n<!-- \/ Yoast SEO plugin. -->","yoast_head_json":{"title":"Monitorizarea dronelor - DronExpert.md","robots":{"index":"index","follow":"follow","max-snippet":"max-snippet:-1","max-image-preview":"max-image-preview:large","max-video-preview":"max-video-preview:-1"},"canonical":"https:\/\/servicii.dronexpert.md\/ru\/monitorizarea-dronelor\/","og_locale":"ru_RU","og_type":"article","og_title":"Monitorizarea dronelor - DronExpert.md","og_description":"MONITORIZAREA DRONELOR Gestionarea tuturor lucr\u0103rilor pe toate terenurile ce apar\u021bin \u00eentreprinderilor mari \u0219i mijlocii este deseori o sarcin\u0103 dificil\u0103 pentru","og_url":"https:\/\/servicii.dronexpert.md\/ru\/monitorizarea-dronelor\/","og_site_name":"DronExpert.md","article_publisher":"https:\/\/www.facebook.com\/dronexpert.md","article_modified_time":"2021-05-11T10:54:38+00:00","twitter_card":"summary_large_image","twitter_misc":{"\u041f\u0440\u0438\u043c\u0435\u0440\u043d\u043e\u0435 \u0432\u0440\u0435\u043c\u044f \u0434\u043b\u044f \u0447\u0442\u0435\u043d\u0438\u044f":"2 \u043c\u0438\u043d\u0443\u0442\u044b"},"schema":{"@context":"https:\/\/schema.org","@graph":[{"@type":"WebPage","@id":"https:\/\/servicii.dronexpert.md\/ru\/monitorizarea-dronelor\/","url":"https:\/\/servicii.dronexpert.md\/ru\/monitorizarea-dronelor\/","name":"Monitorizarea dronelor - DronExpert.md","isPartOf":{"@id":"https:\/\/servicii.dronexpert.md\/ru\/#website"},"datePublished":"2021-05-11T07:43:32+00:00","dateModified":"2021-05-11T10:54:38+00:00","breadcrumb":{"@id":"https:\/\/servicii.dronexpert.md\/ru\/monitorizarea-dronelor\/#breadcrumb"},"inLanguage":"ru-RU","potentialAction":[{"@type":"ReadAction","target":["https:\/\/servicii.dronexpert.md\/ru\/monitorizarea-dronelor\/"]}]},{"@type":"BreadcrumbList","@id":"https:\/\/servicii.dronexpert.md\/ru\/monitorizarea-dronelor\/#breadcrumb","itemListElement":[{"@type":"ListItem","position":1,"name":"\u0413\u043b\u0430\u0432\u043d\u0430\u044f \u0441\u0442\u0440\u0430\u043d\u0438\u0446\u0430","item":"https:\/\/servicii.dronexpert.md\/ru\/"},{"@type":"ListItem","position":2,"name":"Monitorizarea dronelor"}]},{"@type":"WebSite","@id":"https:\/\/servicii.dronexpert.md\/ru\/#website","url":"https:\/\/servicii.dronexpert.md\/ru\/","name":"DronExpert.md","description":"1","publisher":{"@id":"https:\/\/servicii.dronexpert.md\/ru\/#organization"},"potentialAction":[{"@type":"SearchAction","target":{"@type":"EntryPoint","urlTemplate":"https:\/\/servicii.dronexpert.md\/ru\/?s={search_term_string}"},"query-input":"required name=search_term_string"}],"inLanguage":"ru-RU"},{"@type":"Organization","@id":"https:\/\/servicii.dronexpert.md\/ru\/#organization","name":"dronexpert.md","url":"https:\/\/servicii.dronexpert.md\/ru\/","logo":{"@type":"ImageObject","inLanguage":"ru-RU","@id":"https:\/\/servicii.dronexpert.md\/ru\/#\/schema\/logo\/image\/","url":"http:\/\/servicii.dronexpert.md\/wp-content\/uploads\/2023\/02\/dronlogo-secundary.png","contentUrl":"http:\/\/servicii.dronexpert.md\/wp-content\/uploads\/2023\/02\/dronlogo-secundary.png","width":628,"height":343,"caption":"dronexpert.md"},"image":{"@id":"https:\/\/servicii.dronexpert.md\/ru\/#\/schema\/logo\/image\/"},"sameAs":["https:\/\/www.facebook.com\/dronexpert.md","https:\/\/www.instagram.com\/dronexpert.md\/"]}]}},"_links":{"self":[{"href":"https:\/\/servicii.dronexpert.md\/ru\/wp-json\/wp\/v2\/pages\/1701","targetHints":{"allow":["GET"]}}],"collection":[{"href":"https:\/\/servicii.dronexpert.md\/ru\/wp-json\/wp\/v2\/pages"}],"about":[{"href":"https:\/\/servicii.dronexpert.md\/ru\/wp-json\/wp\/v2\/types\/page"}],"author":[{"embeddable":true,"href":"https:\/\/servicii.dronexpert.md\/ru\/wp-json\/wp\/v2\/users\/2"}],"replies":[{"embeddable":true,"href":"https:\/\/servicii.dronexpert.md\/ru\/wp-json\/wp\/v2\/comments?post=1701"}],"version-history":[{"count":26,"href":"https:\/\/servicii.dronexpert.md\/ru\/wp-json\/wp\/v2\/pages\/1701\/revisions"}],"predecessor-version":[{"id":1854,"href":"https:\/\/servicii.dronexpert.md\/ru\/wp-json\/wp\/v2\/pages\/1701\/revisions\/1854"}],"wp:attachment":[{"href":"https:\/\/servicii.dronexpert.md\/ru\/wp-json\/wp\/v2\/media?parent=1701"}],"curies":[{"name":"wp","href":"https:\/\/api.w.org\/{rel}","templated":true}]}}