{"id":1908,"date":"2021-05-11T13:54:38","date_gmt":"2021-05-11T13:54:38","guid":{"rendered":"http:\/\/servicii.dronexpert.md\/?page_id=1908"},"modified":"2021-05-11T14:03:47","modified_gmt":"2021-05-11T14:03:47","slug":"clasificarea-suprafetelor","status":"publish","type":"page","link":"https:\/\/servicii.dronexpert.md\/ru\/clasificarea-suprafetelor\/","title":{"rendered":"Clasificarea suprafe\u021belor"},"content":{"rendered":"<div data-elementor-type=\"wp-page\" data-elementor-id=\"1908\" class=\"elementor elementor-1908\">\n\t\t\t\t\t\t\t\t\t<section class=\"elementor-section elementor-top-section elementor-element elementor-element-790fd17 elementor-section-full_width elementor-section-stretched elementor-section-height-min-height elementor-section-height-default elementor-section-items-middle wd-section-disabled\" data-id=\"790fd17\" data-element_type=\"section\" data-settings=\"{&quot;stretch_section&quot;:&quot;section-stretched&quot;,&quot;background_background&quot;:&quot;classic&quot;}\">\n\t\t\t\t\t\t<div class=\"elementor-container elementor-column-gap-default\">\n\t\t\t\t\t<div class=\"elementor-column elementor-col-50 elementor-top-column elementor-element elementor-element-82b42cf\" data-id=\"82b42cf\" data-element_type=\"column\">\n\t\t\t<div class=\"elementor-widget-wrap\">\n\t\t\t\t\t\t\t\t\t<\/div>\n\t\t<\/div>\n\t\t\t\t<div class=\"elementor-column elementor-col-50 elementor-top-column elementor-element elementor-element-78320f0\" data-id=\"78320f0\" data-element_type=\"column\">\n\t\t\t<div class=\"elementor-widget-wrap\">\n\t\t\t\t\t\t\t\t\t<\/div>\n\t\t<\/div>\n\t\t\t\t\t\t\t<\/div>\n\t\t<\/section>\n\t\t\t\t<section class=\"elementor-section elementor-top-section elementor-element elementor-element-068c373 elementor-section-boxed elementor-section-height-default elementor-section-height-default wd-section-disabled\" data-id=\"068c373\" data-element_type=\"section\">\n\t\t\t\t\t\t<div class=\"elementor-container elementor-column-gap-default\">\n\t\t\t\t\t<div class=\"elementor-column elementor-col-100 elementor-top-column elementor-element elementor-element-3cd9dbb\" data-id=\"3cd9dbb\" data-element_type=\"column\">\n\t\t\t<div class=\"elementor-widget-wrap elementor-element-populated\">\n\t\t\t\t\t\t\t\t<div class=\"elementor-element elementor-element-3f638a0 elementor-widget elementor-widget-wd_title\" data-id=\"3f638a0\" data-element_type=\"widget\" data-widget_type=\"wd_title.default\">\n\t\t\t\t<div class=\"elementor-widget-container\">\n\t\t\t\t\t\t<link rel=\"stylesheet\" id=\"wd-section-title-css\" href=\"https:\/\/servicii.dronexpert.md\/wp-content\/themes\/dron\/css\/parts\/el-section-title.min.css?ver=1.0\" type=\"text\/css\" media=\"all\" \/> \t\t\t\t\t<div class=\"title-wrapper set-mb-s reset-last-child wd-title-color-default wd-title-style-default wd-title-size-default text-center\">\n\n\t\t\t\n\t\t\t<div class=\"liner-continer\">\n\n\t\t\t\t<h1 class=\"woodmart-title-container title wd-fontsize-l\">\n\t\t\t\t\tClasificarea supraf\u021belor\t\t\t\t<\/h1>\n\n\t\t\t\t\n\t\t\t<\/div>\n\n\t\t\t\t\t<\/div>\n\t\t\t\t<\/div>\n\t\t\t\t<\/div>\n\t\t\t\t<div class=\"elementor-element elementor-element-3d73447 color-scheme-inherit text-left elementor-widget elementor-widget-text-editor\" data-id=\"3d73447\" data-element_type=\"widget\" data-widget_type=\"text-editor.default\">\n\t\t\t\t<div class=\"elementor-widget-container\">\n\t\t\t\t\t\t\t<p>Serviciul v\u0103 permite s\u0103 evalua\u021bi cantitatea de a\u0219ezare a c\u00e2mpului, s\u0103 urm\u0103ri\u021bi schimb\u0103rile din zon\u0103 \u00eentr-o anumit\u0103 perioad\u0103 \u0219i s\u0103 studia\u021bi biodiversitatea.<\/p>\n<p>Clasificarea obiectelor de teren poate fi necesar\u0103 atunci c\u00e2nd efectua\u021bi mai multe sarcini, de exemplu, atunci c\u00e2nd planifica\u021bi prelucrarea unor noi c\u00e2mpuri, monitoriza\u021bi p\u0103duri, studiile de mediu etc. Scanarea cu dron\u0103 v\u0103 permite s\u0103 crea\u021bi o hart\u0103 pe care sunt notate obiecte de teren precum copaci, arbu\u0219ti, drumuri, \u0219i marcate cu precizie de p\u00e2n\u0103 la un centimetru r\u00e2uri, lacuri, mla\u0219tini \u0219i altele. \u00cen plus, oferim o hart\u0103 de relief \u0219i o hart\u0103 a \u00een\u0103l\u021bimii obiectelor.<\/p>\n<p>Serviciul v\u0103 permite s\u0103 estima\u021bi volumul de lucru pe c\u00e2mpurile de a\u0219ezare, s\u0103 urm\u0103ri\u021bi schimb\u0103rile din zon\u0103 pe o anumit\u0103 perioad\u0103, s\u0103 studia\u021bi biodiversitatea \u0219i s\u0103 determina\u021bi indicatorii cantitativi ai obiectelor de teren (de exemplu, zona apelor deschise). \n<br>Scanarea cu drona v\u0103 permite s\u0103 ob\u021bine\u021bi cele mai actualizate date cu precizie de 1-2 cm.<\/p>\t\t\t\t\t\t<\/div>\n\t\t\t\t<\/div>\n\t\t\t\t\t<\/div>\n\t\t<\/div>\n\t\t\t\t\t\t\t<\/div>\n\t\t<\/section>\n\t\t\t\t<section class=\"elementor-section elementor-top-section elementor-element elementor-element-1f32bc3 elementor-section-boxed elementor-section-height-default elementor-section-height-default wd-section-disabled\" data-id=\"1f32bc3\" data-element_type=\"section\">\n\t\t\t\t\t\t<div class=\"elementor-container elementor-column-gap-default\">\n\t\t\t\t\t<div class=\"elementor-column elementor-col-100 elementor-top-column elementor-element elementor-element-7e010ab\" data-id=\"7e010ab\" data-element_type=\"column\">\n\t\t\t<div class=\"elementor-widget-wrap elementor-element-populated\">\n\t\t\t\t\t\t\t\t<div class=\"elementor-element elementor-element-2af8789 elementor-widget elementor-widget-wd_title\" data-id=\"2af8789\" data-element_type=\"widget\" data-widget_type=\"wd_title.default\">\n\t\t\t\t<div class=\"elementor-widget-container\">\n\t\t\t\t\t<div class=\"title-wrapper set-mb-s reset-last-child wd-title-color-default wd-title-style-default wd-title-size-default text-left\">\n\n\t\t\t\n\t\t\t<div class=\"liner-continer\">\n\n\t\t\t\t<h1 class=\"woodmart-title-container title wd-fontsize-l\">\n\t\t\t\t\tLucr\u0103ri executate de compania noastr\u0103\t\t\t\t<\/h1>\n\n\t\t\t\t\n\t\t\t<\/div>\n\n\t\t\t\t\t<\/div>\n\t\t\t\t<\/div>\n\t\t\t\t<\/div>\n\t\t\t\t<div class=\"elementor-element elementor-element-75968c4 elementor-widget elementor-widget-toggle\" data-id=\"75968c4\" data-element_type=\"widget\" data-widget_type=\"toggle.default\">\n\t\t\t\t<div class=\"elementor-widget-container\">\n\t\t\t\t\t<div class=\"elementor-toggle\">\n\t\t\t\t\t\t\t<div class=\"elementor-toggle-item\">\n\t\t\t\t\t<div id=\"elementor-tab-title-1231\" class=\"elementor-tab-title\" data-tab=\"1\" role=\"button\" aria-controls=\"elementor-tab-content-1231\" aria-expanded=\"false\">\n\t\t\t\t\t\t\t\t\t\t\t\t<span class=\"elementor-toggle-icon elementor-toggle-icon-left\" aria-hidden=\"true\">\n\t\t\t\t\t\t\t\t\t\t\t\t\t\t\t<span class=\"elementor-toggle-icon-closed\"><i class=\"fas fa-caret-down\"><\/i><\/span>\n\t\t\t\t\t\t\t\t<span class=\"elementor-toggle-icon-opened\"><i class=\"elementor-toggle-icon-opened fas fa-caret-up\"><\/i><\/span>\n\t\t\t\t\t\t\t\t\t\t\t\t\t<\/span>\n\t\t\t\t\t\t\t\t\t\t\t\t<a class=\"elementor-toggle-title\" tabindex=\"0\">Planificarea lucr\u0103rilor<\/a>\n\t\t\t\t\t<\/div>\n\n\t\t\t\t\t<div id=\"elementor-tab-content-1231\" class=\"elementor-tab-content elementor-clearfix\" data-tab=\"1\" role=\"region\" aria-labelledby=\"elementor-tab-title-1231\">Dup\u0103 primirea de la client a coordonatelor conturului c\u00e2mpului (c\u00e2mpurilor), convenim \u00een comun un plan de scanare individual, lu\u00e2nd \u00een considerare loca\u021bia obiectului (obiectelor) \u0219i condi\u021biile meteorologice.<\/div>\n\t\t\t\t<\/div>\n\t\t\t\t\t\t\t<div class=\"elementor-toggle-item\">\n\t\t\t\t\t<div id=\"elementor-tab-title-1232\" class=\"elementor-tab-title\" data-tab=\"2\" role=\"button\" aria-controls=\"elementor-tab-content-1232\" aria-expanded=\"false\">\n\t\t\t\t\t\t\t\t\t\t\t\t<span class=\"elementor-toggle-icon elementor-toggle-icon-left\" aria-hidden=\"true\">\n\t\t\t\t\t\t\t\t\t\t\t\t\t\t\t<span class=\"elementor-toggle-icon-closed\"><i class=\"fas fa-caret-down\"><\/i><\/span>\n\t\t\t\t\t\t\t\t<span class=\"elementor-toggle-icon-opened\"><i class=\"elementor-toggle-icon-opened fas fa-caret-up\"><\/i><\/span>\n\t\t\t\t\t\t\t\t\t\t\t\t\t<\/span>\n\t\t\t\t\t\t\t\t\t\t\t\t<a class=\"elementor-toggle-title\" tabindex=\"0\">Executarea lucr\u0103rilor<\/a>\n\t\t\t\t\t<\/div>\n\n\t\t\t\t\t<div id=\"elementor-tab-content-1232\" class=\"elementor-tab-content elementor-clearfix\" data-tab=\"2\" role=\"region\" aria-labelledby=\"elementor-tab-title-1232\"><p>Echipa noastr\u0103 de zbor viziteaz\u0103 terenul \u0219i efectueaz\u0103 o scanare aerian\u0103 a c\u00e2mpului. Datele scanate sunt transferate c\u0103tre speciali\u0219tii no\u0219tri, care prelucreaz\u0103 datele.<\/p><\/div>\n\t\t\t\t<\/div>\n\t\t\t\t\t\t\t<div class=\"elementor-toggle-item\">\n\t\t\t\t\t<div id=\"elementor-tab-title-1233\" class=\"elementor-tab-title\" data-tab=\"3\" role=\"button\" aria-controls=\"elementor-tab-content-1233\" aria-expanded=\"false\">\n\t\t\t\t\t\t\t\t\t\t\t\t<span class=\"elementor-toggle-icon elementor-toggle-icon-left\" aria-hidden=\"true\">\n\t\t\t\t\t\t\t\t\t\t\t\t\t\t\t<span class=\"elementor-toggle-icon-closed\"><i class=\"fas fa-caret-down\"><\/i><\/span>\n\t\t\t\t\t\t\t\t<span class=\"elementor-toggle-icon-opened\"><i class=\"elementor-toggle-icon-opened fas fa-caret-up\"><\/i><\/span>\n\t\t\t\t\t\t\t\t\t\t\t\t\t<\/span>\n\t\t\t\t\t\t\t\t\t\t\t\t<a class=\"elementor-toggle-title\" tabindex=\"0\">Performan\u021b\u0103<\/a>\n\t\t\t\t\t<\/div>\n\n\t\t\t\t\t<div id=\"elementor-tab-content-1233\" class=\"elementor-tab-content elementor-clearfix\" data-tab=\"3\" role=\"region\" aria-labelledby=\"elementor-tab-title-1233\"><p><span class=\"TextRun SCXW151263502 BCX0\" lang=\"RO-RO\" xml:lang=\"RO-RO\" data-contrast=\"auto\"><span class=\"NormalTextRun SCXW151263502 BCX0\">O echip\u0103 de zbor poate scana p\u00e2n\u0103 la\u00a0<\/span><\/span><span class=\"TextRun SCXW151263502 BCX0\" lang=\"RO-RO\" xml:lang=\"RO-RO\" data-contrast=\"auto\"><span class=\"NormalTextRun SCXW151263502 BCX0\">2<\/span><\/span><span class=\"TextRun SCXW151263502 BCX0\" lang=\"RO-RO\" xml:lang=\"RO-RO\" data-contrast=\"auto\"><span class=\"NormalTextRun SCXW151263502 BCX0\">000 ha pe z.<\/span><\/span><span class=\"EOP SCXW151263502 BCX0\" data-ccp-props=\"{&quot;201341983&quot;:0,&quot;335559739&quot;:160,&quot;335559740&quot;:259}\">\u00a0<\/span><\/p><\/div>\n\t\t\t\t<\/div>\n\t\t\t\t\t\t\t<div class=\"elementor-toggle-item\">\n\t\t\t\t\t<div id=\"elementor-tab-title-1234\" class=\"elementor-tab-title\" data-tab=\"4\" role=\"button\" aria-controls=\"elementor-tab-content-1234\" aria-expanded=\"false\">\n\t\t\t\t\t\t\t\t\t\t\t\t<span class=\"elementor-toggle-icon elementor-toggle-icon-left\" aria-hidden=\"true\">\n\t\t\t\t\t\t\t\t\t\t\t\t\t\t\t<span class=\"elementor-toggle-icon-closed\"><i class=\"fas fa-caret-down\"><\/i><\/span>\n\t\t\t\t\t\t\t\t<span class=\"elementor-toggle-icon-opened\"><i class=\"elementor-toggle-icon-opened fas fa-caret-up\"><\/i><\/span>\n\t\t\t\t\t\t\t\t\t\t\t\t\t<\/span>\n\t\t\t\t\t\t\t\t\t\t\t\t<a class=\"elementor-toggle-title\" tabindex=\"0\">Rezultate<\/a>\n\t\t\t\t\t<\/div>\n\n\t\t\t\t\t<div id=\"elementor-tab-content-1234\" class=\"elementor-tab-content elementor-clearfix\" data-tab=\"4\" role=\"region\" aria-labelledby=\"elementor-tab-title-1234\"><p><span class=\"TextRun SCXW26736531 BCX0\" lang=\"RO-RO\" xml:lang=\"RO-RO\" data-contrast=\"auto\"><span class=\"NormalTextRun SCXW26736531 BCX0\">H\u0103r\u021bi ale c\u00e2mpurilor \u0219i reliefului \u00een formatele\u00a0<\/span><\/span><span class=\"TextRun SCXW26736531 BCX0\" lang=\"RO-RO\" xml:lang=\"RO-RO\" data-contrast=\"auto\"><span class=\"NormalTextRun SpellingErrorV2 SCXW26736531 BCX0\">geoTIF<\/span><\/span><span class=\"TextRun SCXW26736531 BCX0\" lang=\"RO-RO\" xml:lang=\"RO-RO\" data-contrast=\"auto\"><span class=\"NormalTextRun SCXW26736531 BCX0\">\u00a0\u0219i KMZ<\/span><\/span><span class=\"TextRun SCXW26736531 BCX0\" lang=\"RO-RO\" xml:lang=\"RO-RO\" data-contrast=\"auto\"><span class=\"NormalTextRun SCXW26736531 BCX0\">\u00a0\u0219i<\/span><\/span><span class=\"TextRun SCXW26736531 BCX0\" lang=\"RO-RO\" xml:lang=\"RO-RO\" data-contrast=\"auto\"><span class=\"NormalTextRun SCXW26736531 BCX0\">\u00a0PDF.<\/span><\/span><span class=\"EOP SCXW26736531 BCX0\" data-ccp-props=\"{&quot;201341983&quot;:0,&quot;335559739&quot;:160,&quot;335559740&quot;:259}\">\u00a0<\/span><\/p><\/div>\n\t\t\t\t<\/div>\n\t\t\t\t\t\t\t<div class=\"elementor-toggle-item\">\n\t\t\t\t\t<div id=\"elementor-tab-title-1235\" class=\"elementor-tab-title\" data-tab=\"5\" role=\"button\" aria-controls=\"elementor-tab-content-1235\" aria-expanded=\"false\">\n\t\t\t\t\t\t\t\t\t\t\t\t<span class=\"elementor-toggle-icon elementor-toggle-icon-left\" aria-hidden=\"true\">\n\t\t\t\t\t\t\t\t\t\t\t\t\t\t\t<span class=\"elementor-toggle-icon-closed\"><i class=\"fas fa-caret-down\"><\/i><\/span>\n\t\t\t\t\t\t\t\t<span class=\"elementor-toggle-icon-opened\"><i class=\"elementor-toggle-icon-opened fas fa-caret-up\"><\/i><\/span>\n\t\t\t\t\t\t\t\t\t\t\t\t\t<\/span>\n\t\t\t\t\t\t\t\t\t\t\t\t<a class=\"elementor-toggle-title\" tabindex=\"0\">Livrarea prompt\u0103 a rezultatelor<\/a>\n\t\t\t\t\t<\/div>\n\n\t\t\t\t\t<div id=\"elementor-tab-content-1235\" class=\"elementor-tab-content elementor-clearfix\" data-tab=\"5\" role=\"region\" aria-labelledby=\"elementor-tab-title-1235\"><p><span class=\"TextRun SCXW98625777 BCX0\" lang=\"RO-RO\" xml:lang=\"RO-RO\" data-contrast=\"auto\"><span class=\"NormalTextRun SCXW98625777 BCX0\">H\u0103r\u021bile vor fi gata timp de 72 de ore dup\u0103 scanare.<\/span><\/span><span class=\"EOP SCXW98625777 BCX0\" data-ccp-props=\"{&quot;201341983&quot;:0,&quot;335559739&quot;:160,&quot;335559740&quot;:259}\">\u00a0<\/span><\/p><\/div>\n\t\t\t\t<\/div>\n\t\t\t\t\t\t\t\t<\/div>\n\t\t\t\t<\/div>\n\t\t\t\t<\/div>\n\t\t\t\t\t<\/div>\n\t\t<\/div>\n\t\t\t\t\t\t\t<\/div>\n\t\t<\/section>\n\t\t\t\t\t\t\t<\/div>","protected":false},"excerpt":{"rendered":"<p>Clasificarea supraf\u021belor Serviciul v\u0103 permite s\u0103 evalua\u021bi cantitatea de a\u0219ezare a c\u00e2mpului, s\u0103 urm\u0103ri\u021bi schimb\u0103rile din zon\u0103 \u00eentr-o anumit\u0103 perioad\u0103<\/p>","protected":false},"author":2,"featured_media":0,"parent":0,"menu_order":0,"comment_status":"closed","ping_status":"closed","template":"","meta":{"footnotes":""},"class_list":["post-1908","page","type-page","status-publish","hentry"],"yoast_head":"<!-- This site is optimized with the Yoast SEO plugin v20.13 - https:\/\/yoast.com\/wordpress\/plugins\/seo\/ -->\n<title>Clasificarea suprafe\u021belor - DronExpert.md<\/title>\n<meta name=\"robots\" content=\"index, follow, max-snippet:-1, max-image-preview:large, max-video-preview:-1\" \/>\n<link rel=\"canonical\" href=\"https:\/\/servicii.dronexpert.md\/ru\/clasificarea-suprafetelor\/\" \/>\n<meta property=\"og:locale\" content=\"ru_RU\" \/>\n<meta property=\"og:type\" content=\"article\" \/>\n<meta property=\"og:title\" content=\"Clasificarea suprafe\u021belor - DronExpert.md\" \/>\n<meta property=\"og:description\" content=\"Clasificarea supraf\u021belor Serviciul v\u0103 permite s\u0103 evalua\u021bi cantitatea de a\u0219ezare a c\u00e2mpului, s\u0103 urm\u0103ri\u021bi schimb\u0103rile din zon\u0103 \u00eentr-o anumit\u0103 perioad\u0103\" \/>\n<meta property=\"og:url\" content=\"https:\/\/servicii.dronexpert.md\/ru\/clasificarea-suprafetelor\/\" \/>\n<meta property=\"og:site_name\" content=\"DronExpert.md\" \/>\n<meta property=\"article:publisher\" content=\"https:\/\/www.facebook.com\/dronexpert.md\" \/>\n<meta property=\"article:modified_time\" content=\"2021-05-11T14:03:47+00:00\" \/>\n<meta name=\"twitter:card\" content=\"summary_large_image\" \/>\n<meta name=\"twitter:label1\" content=\"\u041f\u0440\u0438\u043c\u0435\u0440\u043d\u043e\u0435 \u0432\u0440\u0435\u043c\u044f \u0434\u043b\u044f \u0447\u0442\u0435\u043d\u0438\u044f\" \/>\n\t<meta name=\"twitter:data1\" content=\"2 \u043c\u0438\u043d\u0443\u0442\u044b\" \/>\n<script type=\"application\/ld+json\" class=\"yoast-schema-graph\">{\"@context\":\"https:\/\/schema.org\",\"@graph\":[{\"@type\":\"WebPage\",\"@id\":\"https:\/\/servicii.dronexpert.md\/ru\/clasificarea-suprafetelor\/\",\"url\":\"https:\/\/servicii.dronexpert.md\/ru\/clasificarea-suprafetelor\/\",\"name\":\"Clasificarea suprafe\u021belor - DronExpert.md\",\"isPartOf\":{\"@id\":\"https:\/\/servicii.dronexpert.md\/ru\/#website\"},\"datePublished\":\"2021-05-11T13:54:38+00:00\",\"dateModified\":\"2021-05-11T14:03:47+00:00\",\"breadcrumb\":{\"@id\":\"https:\/\/servicii.dronexpert.md\/ru\/clasificarea-suprafetelor\/#breadcrumb\"},\"inLanguage\":\"ru-RU\",\"potentialAction\":[{\"@type\":\"ReadAction\",\"target\":[\"https:\/\/servicii.dronexpert.md\/ru\/clasificarea-suprafetelor\/\"]}]},{\"@type\":\"BreadcrumbList\",\"@id\":\"https:\/\/servicii.dronexpert.md\/ru\/clasificarea-suprafetelor\/#breadcrumb\",\"itemListElement\":[{\"@type\":\"ListItem\",\"position\":1,\"name\":\"\u0413\u043b\u0430\u0432\u043d\u0430\u044f \u0441\u0442\u0440\u0430\u043d\u0438\u0446\u0430\",\"item\":\"https:\/\/servicii.dronexpert.md\/ru\/\"},{\"@type\":\"ListItem\",\"position\":2,\"name\":\"Clasificarea suprafe\u021belor\"}]},{\"@type\":\"WebSite\",\"@id\":\"https:\/\/servicii.dronexpert.md\/ru\/#website\",\"url\":\"https:\/\/servicii.dronexpert.md\/ru\/\",\"name\":\"DronExpert.md\",\"description\":\"1\",\"publisher\":{\"@id\":\"https:\/\/servicii.dronexpert.md\/ru\/#organization\"},\"potentialAction\":[{\"@type\":\"SearchAction\",\"target\":{\"@type\":\"EntryPoint\",\"urlTemplate\":\"https:\/\/servicii.dronexpert.md\/ru\/?s={search_term_string}\"},\"query-input\":\"required name=search_term_string\"}],\"inLanguage\":\"ru-RU\"},{\"@type\":\"Organization\",\"@id\":\"https:\/\/servicii.dronexpert.md\/ru\/#organization\",\"name\":\"dronexpert.md\",\"url\":\"https:\/\/servicii.dronexpert.md\/ru\/\",\"logo\":{\"@type\":\"ImageObject\",\"inLanguage\":\"ru-RU\",\"@id\":\"https:\/\/servicii.dronexpert.md\/ru\/#\/schema\/logo\/image\/\",\"url\":\"http:\/\/servicii.dronexpert.md\/wp-content\/uploads\/2023\/02\/dronlogo-secundary.png\",\"contentUrl\":\"http:\/\/servicii.dronexpert.md\/wp-content\/uploads\/2023\/02\/dronlogo-secundary.png\",\"width\":628,\"height\":343,\"caption\":\"dronexpert.md\"},\"image\":{\"@id\":\"https:\/\/servicii.dronexpert.md\/ru\/#\/schema\/logo\/image\/\"},\"sameAs\":[\"https:\/\/www.facebook.com\/dronexpert.md\",\"https:\/\/www.instagram.com\/dronexpert.md\/\"]}]}<\/script>\n<!-- \/ Yoast SEO plugin. -->","yoast_head_json":{"title":"Clasificarea suprafe\u021belor - DronExpert.md","robots":{"index":"index","follow":"follow","max-snippet":"max-snippet:-1","max-image-preview":"max-image-preview:large","max-video-preview":"max-video-preview:-1"},"canonical":"https:\/\/servicii.dronexpert.md\/ru\/clasificarea-suprafetelor\/","og_locale":"ru_RU","og_type":"article","og_title":"Clasificarea suprafe\u021belor - DronExpert.md","og_description":"Clasificarea supraf\u021belor Serviciul v\u0103 permite s\u0103 evalua\u021bi cantitatea de a\u0219ezare a c\u00e2mpului, s\u0103 urm\u0103ri\u021bi schimb\u0103rile din zon\u0103 \u00eentr-o anumit\u0103 perioad\u0103","og_url":"https:\/\/servicii.dronexpert.md\/ru\/clasificarea-suprafetelor\/","og_site_name":"DronExpert.md","article_publisher":"https:\/\/www.facebook.com\/dronexpert.md","article_modified_time":"2021-05-11T14:03:47+00:00","twitter_card":"summary_large_image","twitter_misc":{"\u041f\u0440\u0438\u043c\u0435\u0440\u043d\u043e\u0435 \u0432\u0440\u0435\u043c\u044f \u0434\u043b\u044f \u0447\u0442\u0435\u043d\u0438\u044f":"2 \u043c\u0438\u043d\u0443\u0442\u044b"},"schema":{"@context":"https:\/\/schema.org","@graph":[{"@type":"WebPage","@id":"https:\/\/servicii.dronexpert.md\/ru\/clasificarea-suprafetelor\/","url":"https:\/\/servicii.dronexpert.md\/ru\/clasificarea-suprafetelor\/","name":"Clasificarea suprafe\u021belor - DronExpert.md","isPartOf":{"@id":"https:\/\/servicii.dronexpert.md\/ru\/#website"},"datePublished":"2021-05-11T13:54:38+00:00","dateModified":"2021-05-11T14:03:47+00:00","breadcrumb":{"@id":"https:\/\/servicii.dronexpert.md\/ru\/clasificarea-suprafetelor\/#breadcrumb"},"inLanguage":"ru-RU","potentialAction":[{"@type":"ReadAction","target":["https:\/\/servicii.dronexpert.md\/ru\/clasificarea-suprafetelor\/"]}]},{"@type":"BreadcrumbList","@id":"https:\/\/servicii.dronexpert.md\/ru\/clasificarea-suprafetelor\/#breadcrumb","itemListElement":[{"@type":"ListItem","position":1,"name":"\u0413\u043b\u0430\u0432\u043d\u0430\u044f \u0441\u0442\u0440\u0430\u043d\u0438\u0446\u0430","item":"https:\/\/servicii.dronexpert.md\/ru\/"},{"@type":"ListItem","position":2,"name":"Clasificarea suprafe\u021belor"}]},{"@type":"WebSite","@id":"https:\/\/servicii.dronexpert.md\/ru\/#website","url":"https:\/\/servicii.dronexpert.md\/ru\/","name":"DronExpert.md","description":"1","publisher":{"@id":"https:\/\/servicii.dronexpert.md\/ru\/#organization"},"potentialAction":[{"@type":"SearchAction","target":{"@type":"EntryPoint","urlTemplate":"https:\/\/servicii.dronexpert.md\/ru\/?s={search_term_string}"},"query-input":"required name=search_term_string"}],"inLanguage":"ru-RU"},{"@type":"Organization","@id":"https:\/\/servicii.dronexpert.md\/ru\/#organization","name":"dronexpert.md","url":"https:\/\/servicii.dronexpert.md\/ru\/","logo":{"@type":"ImageObject","inLanguage":"ru-RU","@id":"https:\/\/servicii.dronexpert.md\/ru\/#\/schema\/logo\/image\/","url":"http:\/\/servicii.dronexpert.md\/wp-content\/uploads\/2023\/02\/dronlogo-secundary.png","contentUrl":"http:\/\/servicii.dronexpert.md\/wp-content\/uploads\/2023\/02\/dronlogo-secundary.png","width":628,"height":343,"caption":"dronexpert.md"},"image":{"@id":"https:\/\/servicii.dronexpert.md\/ru\/#\/schema\/logo\/image\/"},"sameAs":["https:\/\/www.facebook.com\/dronexpert.md","https:\/\/www.instagram.com\/dronexpert.md\/"]}]}},"_links":{"self":[{"href":"https:\/\/servicii.dronexpert.md\/ru\/wp-json\/wp\/v2\/pages\/1908","targetHints":{"allow":["GET"]}}],"collection":[{"href":"https:\/\/servicii.dronexpert.md\/ru\/wp-json\/wp\/v2\/pages"}],"about":[{"href":"https:\/\/servicii.dronexpert.md\/ru\/wp-json\/wp\/v2\/types\/page"}],"author":[{"embeddable":true,"href":"https:\/\/servicii.dronexpert.md\/ru\/wp-json\/wp\/v2\/users\/2"}],"replies":[{"embeddable":true,"href":"https:\/\/servicii.dronexpert.md\/ru\/wp-json\/wp\/v2\/comments?post=1908"}],"version-history":[{"count":4,"href":"https:\/\/servicii.dronexpert.md\/ru\/wp-json\/wp\/v2\/pages\/1908\/revisions"}],"predecessor-version":[{"id":1912,"href":"https:\/\/servicii.dronexpert.md\/ru\/wp-json\/wp\/v2\/pages\/1908\/revisions\/1912"}],"wp:attachment":[{"href":"https:\/\/servicii.dronexpert.md\/ru\/wp-json\/wp\/v2\/media?parent=1908"}],"curies":[{"name":"wp","href":"https:\/\/api.w.org\/{rel}","templated":true}]}}