{"id":1934,"date":"2021-05-11T14:19:46","date_gmt":"2021-05-11T14:19:46","guid":{"rendered":"http:\/\/servicii.dronexpert.md\/?page_id=1934"},"modified":"2021-05-11T14:39:05","modified_gmt":"2021-05-11T14:39:05","slug":"harti-de-relief","status":"publish","type":"page","link":"https:\/\/servicii.dronexpert.md\/ru\/harti-de-relief\/","title":{"rendered":"H\u0103r\u021bi de relief"},"content":{"rendered":"<div data-elementor-type=\"wp-page\" data-elementor-id=\"1934\" class=\"elementor elementor-1934\">\n\t\t\t\t\t\t\t\t\t<section class=\"elementor-section elementor-top-section elementor-element elementor-element-6550944 elementor-section-full_width elementor-section-stretched elementor-section-height-min-height elementor-section-height-default elementor-section-items-middle wd-section-disabled\" data-id=\"6550944\" data-element_type=\"section\" data-settings=\"{&quot;stretch_section&quot;:&quot;section-stretched&quot;,&quot;background_background&quot;:&quot;classic&quot;}\">\n\t\t\t\t\t\t<div class=\"elementor-container elementor-column-gap-default\">\n\t\t\t\t\t<div class=\"elementor-column elementor-col-50 elementor-top-column elementor-element elementor-element-6351476\" data-id=\"6351476\" data-element_type=\"column\">\n\t\t\t<div class=\"elementor-widget-wrap\">\n\t\t\t\t\t\t\t\t\t<\/div>\n\t\t<\/div>\n\t\t\t\t<div class=\"elementor-column elementor-col-50 elementor-top-column elementor-element elementor-element-7b5bc2f\" data-id=\"7b5bc2f\" data-element_type=\"column\">\n\t\t\t<div class=\"elementor-widget-wrap\">\n\t\t\t\t\t\t\t\t\t<\/div>\n\t\t<\/div>\n\t\t\t\t\t\t\t<\/div>\n\t\t<\/section>\n\t\t\t\t<section class=\"elementor-section elementor-top-section elementor-element elementor-element-781220e elementor-section-boxed elementor-section-height-default elementor-section-height-default wd-section-disabled\" data-id=\"781220e\" data-element_type=\"section\">\n\t\t\t\t\t\t<div class=\"elementor-container elementor-column-gap-default\">\n\t\t\t\t\t<div class=\"elementor-column elementor-col-100 elementor-top-column elementor-element elementor-element-717ac2f\" data-id=\"717ac2f\" data-element_type=\"column\">\n\t\t\t<div class=\"elementor-widget-wrap elementor-element-populated\">\n\t\t\t\t\t\t\t\t<div class=\"elementor-element elementor-element-2043905 elementor-widget elementor-widget-wd_title\" data-id=\"2043905\" data-element_type=\"widget\" data-widget_type=\"wd_title.default\">\n\t\t\t\t<div class=\"elementor-widget-container\">\n\t\t\t\t\t\t<link rel=\"stylesheet\" id=\"wd-section-title-css\" href=\"https:\/\/servicii.dronexpert.md\/wp-content\/themes\/dron\/css\/parts\/el-section-title.min.css?ver=1.0\" type=\"text\/css\" media=\"all\" \/> \t\t\t\t\t<div class=\"title-wrapper set-mb-s reset-last-child wd-title-color-default wd-title-style-default wd-title-size-default text-center\">\n\n\t\t\t\n\t\t\t<div class=\"liner-continer\">\n\n\t\t\t\t<h1 class=\"woodmart-title-container title wd-fontsize-l\">\n\t\t\t\t\tH\u0102R\u021aI DE RELIEF \t\t\t\t<\/h1>\n\n\t\t\t\t\n\t\t\t<\/div>\n\n\t\t\t\t\t<\/div>\n\t\t\t\t<\/div>\n\t\t\t\t<\/div>\n\t\t\t\t<div class=\"elementor-element elementor-element-d5ee810 color-scheme-inherit text-left elementor-widget elementor-widget-text-editor\" data-id=\"d5ee810\" data-element_type=\"widget\" data-widget_type=\"text-editor.default\">\n\t\t\t\t<div class=\"elementor-widget-container\">\n\t\t\t\t\t\t\t<p>Harta reliefului este necesar\u0103 pentru gestionarea exact\u0103 a c\u00e2mpului. V\u0103 permite s\u0103 clarifica\u021bi zona c\u00e2mpului \u0219i cantitatea de material s\u0103ditor.<\/p> \n\n<p>O hart\u0103 a reliefului (hart\u0103 \u00een\u0103l\u021bimilor) este esen\u021bial\u0103 pentru o administrare exact\u0103 al c\u00e2mpului. Aceasta v\u0103 permite s\u0103 specifica\u021bi zona c\u00e2mpului \u0219i, \u00een consecin\u021b\u0103, cantitatea de semin\u021be, combustibil \u0219i lubrifian\u021bi \u0219i orele de lucru necesare pentru prelucrarea c\u00e2mpului. O hart\u0103 a reliefului v\u0103 permite s\u0103 identifica\u021bi zonele poten\u021biale cu probleme, cum ar fi zonele de inunda\u021bii, zonele cu acces limitat la ap\u0103, zonele de eroziune a solului \u0219i altele. Cu ajutorul unei h\u0103r\u021bi a reliefului, ve\u021bi crea o schem\u0103 de densitate de plantare diferen\u021biat\u0103, lu\u00e2nd \u00een considerare unghiul soarelui \u0219i disponibilitatea apei.<\/p> \n<p>O hart\u0103 a reliefului este generat\u0103 \u00een baza informa\u021biei ob\u021binut\u0103 prin scan\u0103rile dronelor \u0219i punctele de control la sol. <\/p>\t\t\t\t\t\t<\/div>\n\t\t\t\t<\/div>\n\t\t\t\t\t<\/div>\n\t\t<\/div>\n\t\t\t\t\t\t\t<\/div>\n\t\t<\/section>\n\t\t\t\t<section class=\"elementor-section elementor-top-section elementor-element elementor-element-9b07f33 elementor-section-boxed elementor-section-height-default elementor-section-height-default wd-section-disabled\" data-id=\"9b07f33\" data-element_type=\"section\">\n\t\t\t\t\t\t<div class=\"elementor-container elementor-column-gap-default\">\n\t\t\t\t\t<div class=\"elementor-column elementor-col-100 elementor-top-column elementor-element elementor-element-6b7e4c4\" data-id=\"6b7e4c4\" data-element_type=\"column\">\n\t\t\t<div class=\"elementor-widget-wrap elementor-element-populated\">\n\t\t\t\t\t\t\t\t<div class=\"elementor-element elementor-element-e944323 elementor-widget elementor-widget-wd_title\" data-id=\"e944323\" data-element_type=\"widget\" data-widget_type=\"wd_title.default\">\n\t\t\t\t<div class=\"elementor-widget-container\">\n\t\t\t\t\t<div class=\"title-wrapper set-mb-s reset-last-child wd-title-color-default wd-title-style-default wd-title-size-default text-left\">\n\n\t\t\t\n\t\t\t<div class=\"liner-continer\">\n\n\t\t\t\t<h1 class=\"woodmart-title-container title wd-fontsize-l\">\n\t\t\t\t\tLucr\u0103ri executate de compania noastr\u0103\t\t\t\t<\/h1>\n\n\t\t\t\t\n\t\t\t<\/div>\n\n\t\t\t\t\t<\/div>\n\t\t\t\t<\/div>\n\t\t\t\t<\/div>\n\t\t\t\t<div class=\"elementor-element elementor-element-4e2adb9 elementor-widget elementor-widget-toggle\" data-id=\"4e2adb9\" data-element_type=\"widget\" data-widget_type=\"toggle.default\">\n\t\t\t\t<div class=\"elementor-widget-container\">\n\t\t\t\t\t<div class=\"elementor-toggle\">\n\t\t\t\t\t\t\t<div class=\"elementor-toggle-item\">\n\t\t\t\t\t<div id=\"elementor-tab-title-8191\" class=\"elementor-tab-title\" data-tab=\"1\" role=\"button\" aria-controls=\"elementor-tab-content-8191\" aria-expanded=\"false\">\n\t\t\t\t\t\t\t\t\t\t\t\t<span class=\"elementor-toggle-icon elementor-toggle-icon-left\" aria-hidden=\"true\">\n\t\t\t\t\t\t\t\t\t\t\t\t\t\t\t<span class=\"elementor-toggle-icon-closed\"><i class=\"fas fa-caret-down\"><\/i><\/span>\n\t\t\t\t\t\t\t\t<span class=\"elementor-toggle-icon-opened\"><i class=\"elementor-toggle-icon-opened fas fa-caret-up\"><\/i><\/span>\n\t\t\t\t\t\t\t\t\t\t\t\t\t<\/span>\n\t\t\t\t\t\t\t\t\t\t\t\t<a class=\"elementor-toggle-title\" tabindex=\"0\">Planificarea lucr\u0103rilor<\/a>\n\t\t\t\t\t<\/div>\n\n\t\t\t\t\t<div id=\"elementor-tab-content-8191\" class=\"elementor-tab-content elementor-clearfix\" data-tab=\"1\" role=\"region\" aria-labelledby=\"elementor-tab-title-8191\"><p>Dup\u0103 primirea de la client a coordonatelor conturului c\u00e2mpului (c\u00e2mpurilor) convenim \u00een comun un plan individual de scanare, lu\u00e2nd \u00een considerare zona \u0219i loca\u021bia obiectului (obiectelor) \u0219i condi\u021biile meteorologice.<\/p><\/div>\n\t\t\t\t<\/div>\n\t\t\t\t\t\t\t<div class=\"elementor-toggle-item\">\n\t\t\t\t\t<div id=\"elementor-tab-title-8192\" class=\"elementor-tab-title\" data-tab=\"2\" role=\"button\" aria-controls=\"elementor-tab-content-8192\" aria-expanded=\"false\">\n\t\t\t\t\t\t\t\t\t\t\t\t<span class=\"elementor-toggle-icon elementor-toggle-icon-left\" aria-hidden=\"true\">\n\t\t\t\t\t\t\t\t\t\t\t\t\t\t\t<span class=\"elementor-toggle-icon-closed\"><i class=\"fas fa-caret-down\"><\/i><\/span>\n\t\t\t\t\t\t\t\t<span class=\"elementor-toggle-icon-opened\"><i class=\"elementor-toggle-icon-opened fas fa-caret-up\"><\/i><\/span>\n\t\t\t\t\t\t\t\t\t\t\t\t\t<\/span>\n\t\t\t\t\t\t\t\t\t\t\t\t<a class=\"elementor-toggle-title\" tabindex=\"0\">Executarea lucr\u0103rilor<\/a>\n\t\t\t\t\t<\/div>\n\n\t\t\t\t\t<div id=\"elementor-tab-content-8192\" class=\"elementor-tab-content elementor-clearfix\" data-tab=\"2\" role=\"region\" aria-labelledby=\"elementor-tab-title-8192\"><p>Echipa noastr\u0103 de zbor viziteaz\u0103 site-ul \u0219i scaneaz\u0103 terenul de la altitudini mici. Datele scanate sunt transferate c\u0103tre speciali\u0219tii no\u0219tri, pentru procesare.<\/p><\/div>\n\t\t\t\t<\/div>\n\t\t\t\t\t\t\t<div class=\"elementor-toggle-item\">\n\t\t\t\t\t<div id=\"elementor-tab-title-8193\" class=\"elementor-tab-title\" data-tab=\"3\" role=\"button\" aria-controls=\"elementor-tab-content-8193\" aria-expanded=\"false\">\n\t\t\t\t\t\t\t\t\t\t\t\t<span class=\"elementor-toggle-icon elementor-toggle-icon-left\" aria-hidden=\"true\">\n\t\t\t\t\t\t\t\t\t\t\t\t\t\t\t<span class=\"elementor-toggle-icon-closed\"><i class=\"fas fa-caret-down\"><\/i><\/span>\n\t\t\t\t\t\t\t\t<span class=\"elementor-toggle-icon-opened\"><i class=\"elementor-toggle-icon-opened fas fa-caret-up\"><\/i><\/span>\n\t\t\t\t\t\t\t\t\t\t\t\t\t<\/span>\n\t\t\t\t\t\t\t\t\t\t\t\t<a class=\"elementor-toggle-title\" tabindex=\"0\">Performan\u021b\u0103<\/a>\n\t\t\t\t\t<\/div>\n\n\t\t\t\t\t<div id=\"elementor-tab-content-8193\" class=\"elementor-tab-content elementor-clearfix\" data-tab=\"3\" role=\"region\" aria-labelledby=\"elementor-tab-title-8193\"><p>O echip\u0103 de zbor proceseaz\u0103 p\u00e2n\u0103 la 2000 de hectare pe zi.<\/p><\/div>\n\t\t\t\t<\/div>\n\t\t\t\t\t\t\t<div class=\"elementor-toggle-item\">\n\t\t\t\t\t<div id=\"elementor-tab-title-8194\" class=\"elementor-tab-title\" data-tab=\"4\" role=\"button\" aria-controls=\"elementor-tab-content-8194\" aria-expanded=\"false\">\n\t\t\t\t\t\t\t\t\t\t\t\t<span class=\"elementor-toggle-icon elementor-toggle-icon-left\" aria-hidden=\"true\">\n\t\t\t\t\t\t\t\t\t\t\t\t\t\t\t<span class=\"elementor-toggle-icon-closed\"><i class=\"fas fa-caret-down\"><\/i><\/span>\n\t\t\t\t\t\t\t\t<span class=\"elementor-toggle-icon-opened\"><i class=\"elementor-toggle-icon-opened fas fa-caret-up\"><\/i><\/span>\n\t\t\t\t\t\t\t\t\t\t\t\t\t<\/span>\n\t\t\t\t\t\t\t\t\t\t\t\t<a class=\"elementor-toggle-title\" tabindex=\"0\">Rezultate<\/a>\n\t\t\t\t\t<\/div>\n\n\t\t\t\t\t<div id=\"elementor-tab-content-8194\" class=\"elementor-tab-content elementor-clearfix\" data-tab=\"4\" role=\"region\" aria-labelledby=\"elementor-tab-title-8194\"><p>H\u0103r\u021bi de \u00een\u0103l\u021bime \u0219i pante \u00een formatele SHP \u0219i KMZ, raport PDF.<\/p><\/div>\n\t\t\t\t<\/div>\n\t\t\t\t\t\t\t<div class=\"elementor-toggle-item\">\n\t\t\t\t\t<div id=\"elementor-tab-title-8195\" class=\"elementor-tab-title\" data-tab=\"5\" role=\"button\" aria-controls=\"elementor-tab-content-8195\" aria-expanded=\"false\">\n\t\t\t\t\t\t\t\t\t\t\t\t<span class=\"elementor-toggle-icon elementor-toggle-icon-left\" aria-hidden=\"true\">\n\t\t\t\t\t\t\t\t\t\t\t\t\t\t\t<span class=\"elementor-toggle-icon-closed\"><i class=\"fas fa-caret-down\"><\/i><\/span>\n\t\t\t\t\t\t\t\t<span class=\"elementor-toggle-icon-opened\"><i class=\"elementor-toggle-icon-opened fas fa-caret-up\"><\/i><\/span>\n\t\t\t\t\t\t\t\t\t\t\t\t\t<\/span>\n\t\t\t\t\t\t\t\t\t\t\t\t<a class=\"elementor-toggle-title\" tabindex=\"0\">Livrarea prompt\u0103 a rezultatelor<\/a>\n\t\t\t\t\t<\/div>\n\n\t\t\t\t\t<div id=\"elementor-tab-content-8195\" class=\"elementor-tab-content elementor-clearfix\" data-tab=\"5\" role=\"region\" aria-labelledby=\"elementor-tab-title-8195\"><p>Timp de 48 de ore dup\u0103 scanare.<\/p><\/div>\n\t\t\t\t<\/div>\n\t\t\t\t\t\t\t\t<\/div>\n\t\t\t\t<\/div>\n\t\t\t\t<\/div>\n\t\t\t\t\t<\/div>\n\t\t<\/div>\n\t\t\t\t\t\t\t<\/div>\n\t\t<\/section>\n\t\t\t\t\t\t\t<\/div>","protected":false},"excerpt":{"rendered":"<p>H\u0102R\u021aI DE RELIEF Harta reliefului este necesar\u0103 pentru gestionarea exact\u0103 a c\u00e2mpului. V\u0103 permite s\u0103 clarifica\u021bi zona c\u00e2mpului \u0219i cantitatea<\/p>","protected":false},"author":2,"featured_media":0,"parent":0,"menu_order":0,"comment_status":"closed","ping_status":"closed","template":"","meta":{"footnotes":""},"class_list":["post-1934","page","type-page","status-publish","hentry"],"yoast_head":"<!-- This site is optimized with the Yoast SEO plugin v20.13 - https:\/\/yoast.com\/wordpress\/plugins\/seo\/ -->\n<title>H\u0103r\u021bi de relief - DronExpert.md<\/title>\n<meta name=\"robots\" content=\"index, follow, max-snippet:-1, max-image-preview:large, max-video-preview:-1\" \/>\n<link rel=\"canonical\" href=\"https:\/\/servicii.dronexpert.md\/ru\/harti-de-relief\/\" \/>\n<meta property=\"og:locale\" content=\"ru_RU\" \/>\n<meta property=\"og:type\" content=\"article\" \/>\n<meta property=\"og:title\" content=\"H\u0103r\u021bi de relief - DronExpert.md\" \/>\n<meta property=\"og:description\" content=\"H\u0102R\u021aI DE RELIEF Harta reliefului este necesar\u0103 pentru gestionarea exact\u0103 a c\u00e2mpului. V\u0103 permite s\u0103 clarifica\u021bi zona c\u00e2mpului \u0219i cantitatea\" \/>\n<meta property=\"og:url\" content=\"https:\/\/servicii.dronexpert.md\/ru\/harti-de-relief\/\" \/>\n<meta property=\"og:site_name\" content=\"DronExpert.md\" \/>\n<meta property=\"article:publisher\" content=\"https:\/\/www.facebook.com\/dronexpert.md\" \/>\n<meta property=\"article:modified_time\" content=\"2021-05-11T14:39:05+00:00\" \/>\n<meta name=\"twitter:card\" content=\"summary_large_image\" \/>\n<meta name=\"twitter:label1\" content=\"\u041f\u0440\u0438\u043c\u0435\u0440\u043d\u043e\u0435 \u0432\u0440\u0435\u043c\u044f \u0434\u043b\u044f \u0447\u0442\u0435\u043d\u0438\u044f\" \/>\n\t<meta name=\"twitter:data1\" content=\"1 \u043c\u0438\u043d\u0443\u0442\u0430\" \/>\n<script type=\"application\/ld+json\" class=\"yoast-schema-graph\">{\"@context\":\"https:\/\/schema.org\",\"@graph\":[{\"@type\":\"WebPage\",\"@id\":\"https:\/\/servicii.dronexpert.md\/ru\/harti-de-relief\/\",\"url\":\"https:\/\/servicii.dronexpert.md\/ru\/harti-de-relief\/\",\"name\":\"H\u0103r\u021bi de relief - DronExpert.md\",\"isPartOf\":{\"@id\":\"https:\/\/servicii.dronexpert.md\/ru\/#website\"},\"datePublished\":\"2021-05-11T14:19:46+00:00\",\"dateModified\":\"2021-05-11T14:39:05+00:00\",\"breadcrumb\":{\"@id\":\"https:\/\/servicii.dronexpert.md\/ru\/harti-de-relief\/#breadcrumb\"},\"inLanguage\":\"ru-RU\",\"potentialAction\":[{\"@type\":\"ReadAction\",\"target\":[\"https:\/\/servicii.dronexpert.md\/ru\/harti-de-relief\/\"]}]},{\"@type\":\"BreadcrumbList\",\"@id\":\"https:\/\/servicii.dronexpert.md\/ru\/harti-de-relief\/#breadcrumb\",\"itemListElement\":[{\"@type\":\"ListItem\",\"position\":1,\"name\":\"\u0413\u043b\u0430\u0432\u043d\u0430\u044f \u0441\u0442\u0440\u0430\u043d\u0438\u0446\u0430\",\"item\":\"https:\/\/servicii.dronexpert.md\/ru\/\"},{\"@type\":\"ListItem\",\"position\":2,\"name\":\"H\u0103r\u021bi de relief\"}]},{\"@type\":\"WebSite\",\"@id\":\"https:\/\/servicii.dronexpert.md\/ru\/#website\",\"url\":\"https:\/\/servicii.dronexpert.md\/ru\/\",\"name\":\"DronExpert.md\",\"description\":\"1\",\"publisher\":{\"@id\":\"https:\/\/servicii.dronexpert.md\/ru\/#organization\"},\"potentialAction\":[{\"@type\":\"SearchAction\",\"target\":{\"@type\":\"EntryPoint\",\"urlTemplate\":\"https:\/\/servicii.dronexpert.md\/ru\/?s={search_term_string}\"},\"query-input\":\"required name=search_term_string\"}],\"inLanguage\":\"ru-RU\"},{\"@type\":\"Organization\",\"@id\":\"https:\/\/servicii.dronexpert.md\/ru\/#organization\",\"name\":\"dronexpert.md\",\"url\":\"https:\/\/servicii.dronexpert.md\/ru\/\",\"logo\":{\"@type\":\"ImageObject\",\"inLanguage\":\"ru-RU\",\"@id\":\"https:\/\/servicii.dronexpert.md\/ru\/#\/schema\/logo\/image\/\",\"url\":\"http:\/\/servicii.dronexpert.md\/wp-content\/uploads\/2023\/02\/dronlogo-secundary.png\",\"contentUrl\":\"http:\/\/servicii.dronexpert.md\/wp-content\/uploads\/2023\/02\/dronlogo-secundary.png\",\"width\":628,\"height\":343,\"caption\":\"dronexpert.md\"},\"image\":{\"@id\":\"https:\/\/servicii.dronexpert.md\/ru\/#\/schema\/logo\/image\/\"},\"sameAs\":[\"https:\/\/www.facebook.com\/dronexpert.md\",\"https:\/\/www.instagram.com\/dronexpert.md\/\"]}]}<\/script>\n<!-- \/ Yoast SEO plugin. -->","yoast_head_json":{"title":"H\u0103r\u021bi de relief - DronExpert.md","robots":{"index":"index","follow":"follow","max-snippet":"max-snippet:-1","max-image-preview":"max-image-preview:large","max-video-preview":"max-video-preview:-1"},"canonical":"https:\/\/servicii.dronexpert.md\/ru\/harti-de-relief\/","og_locale":"ru_RU","og_type":"article","og_title":"H\u0103r\u021bi de relief - DronExpert.md","og_description":"H\u0102R\u021aI DE RELIEF Harta reliefului este necesar\u0103 pentru gestionarea exact\u0103 a c\u00e2mpului. V\u0103 permite s\u0103 clarifica\u021bi zona c\u00e2mpului \u0219i cantitatea","og_url":"https:\/\/servicii.dronexpert.md\/ru\/harti-de-relief\/","og_site_name":"DronExpert.md","article_publisher":"https:\/\/www.facebook.com\/dronexpert.md","article_modified_time":"2021-05-11T14:39:05+00:00","twitter_card":"summary_large_image","twitter_misc":{"\u041f\u0440\u0438\u043c\u0435\u0440\u043d\u043e\u0435 \u0432\u0440\u0435\u043c\u044f \u0434\u043b\u044f \u0447\u0442\u0435\u043d\u0438\u044f":"1 \u043c\u0438\u043d\u0443\u0442\u0430"},"schema":{"@context":"https:\/\/schema.org","@graph":[{"@type":"WebPage","@id":"https:\/\/servicii.dronexpert.md\/ru\/harti-de-relief\/","url":"https:\/\/servicii.dronexpert.md\/ru\/harti-de-relief\/","name":"H\u0103r\u021bi de relief - DronExpert.md","isPartOf":{"@id":"https:\/\/servicii.dronexpert.md\/ru\/#website"},"datePublished":"2021-05-11T14:19:46+00:00","dateModified":"2021-05-11T14:39:05+00:00","breadcrumb":{"@id":"https:\/\/servicii.dronexpert.md\/ru\/harti-de-relief\/#breadcrumb"},"inLanguage":"ru-RU","potentialAction":[{"@type":"ReadAction","target":["https:\/\/servicii.dronexpert.md\/ru\/harti-de-relief\/"]}]},{"@type":"BreadcrumbList","@id":"https:\/\/servicii.dronexpert.md\/ru\/harti-de-relief\/#breadcrumb","itemListElement":[{"@type":"ListItem","position":1,"name":"\u0413\u043b\u0430\u0432\u043d\u0430\u044f \u0441\u0442\u0440\u0430\u043d\u0438\u0446\u0430","item":"https:\/\/servicii.dronexpert.md\/ru\/"},{"@type":"ListItem","position":2,"name":"H\u0103r\u021bi de relief"}]},{"@type":"WebSite","@id":"https:\/\/servicii.dronexpert.md\/ru\/#website","url":"https:\/\/servicii.dronexpert.md\/ru\/","name":"DronExpert.md","description":"1","publisher":{"@id":"https:\/\/servicii.dronexpert.md\/ru\/#organization"},"potentialAction":[{"@type":"SearchAction","target":{"@type":"EntryPoint","urlTemplate":"https:\/\/servicii.dronexpert.md\/ru\/?s={search_term_string}"},"query-input":"required name=search_term_string"}],"inLanguage":"ru-RU"},{"@type":"Organization","@id":"https:\/\/servicii.dronexpert.md\/ru\/#organization","name":"dronexpert.md","url":"https:\/\/servicii.dronexpert.md\/ru\/","logo":{"@type":"ImageObject","inLanguage":"ru-RU","@id":"https:\/\/servicii.dronexpert.md\/ru\/#\/schema\/logo\/image\/","url":"http:\/\/servicii.dronexpert.md\/wp-content\/uploads\/2023\/02\/dronlogo-secundary.png","contentUrl":"http:\/\/servicii.dronexpert.md\/wp-content\/uploads\/2023\/02\/dronlogo-secundary.png","width":628,"height":343,"caption":"dronexpert.md"},"image":{"@id":"https:\/\/servicii.dronexpert.md\/ru\/#\/schema\/logo\/image\/"},"sameAs":["https:\/\/www.facebook.com\/dronexpert.md","https:\/\/www.instagram.com\/dronexpert.md\/"]}]}},"_links":{"self":[{"href":"https:\/\/servicii.dronexpert.md\/ru\/wp-json\/wp\/v2\/pages\/1934","targetHints":{"allow":["GET"]}}],"collection":[{"href":"https:\/\/servicii.dronexpert.md\/ru\/wp-json\/wp\/v2\/pages"}],"about":[{"href":"https:\/\/servicii.dronexpert.md\/ru\/wp-json\/wp\/v2\/types\/page"}],"author":[{"embeddable":true,"href":"https:\/\/servicii.dronexpert.md\/ru\/wp-json\/wp\/v2\/users\/2"}],"replies":[{"embeddable":true,"href":"https:\/\/servicii.dronexpert.md\/ru\/wp-json\/wp\/v2\/comments?post=1934"}],"version-history":[{"count":7,"href":"https:\/\/servicii.dronexpert.md\/ru\/wp-json\/wp\/v2\/pages\/1934\/revisions"}],"predecessor-version":[{"id":1944,"href":"https:\/\/servicii.dronexpert.md\/ru\/wp-json\/wp\/v2\/pages\/1934\/revisions\/1944"}],"wp:attachment":[{"href":"https:\/\/servicii.dronexpert.md\/ru\/wp-json\/wp\/v2\/media?parent=1934"}],"curies":[{"name":"wp","href":"https:\/\/api.w.org\/{rel}","templated":true}]}}