{"id":1951,"date":"2021-05-12T10:26:39","date_gmt":"2021-05-12T10:26:39","guid":{"rendered":"http:\/\/servicii.dronexpert.md\/?page_id=1951"},"modified":"2021-05-12T10:37:59","modified_gmt":"2021-05-12T10:37:59","slug":"disponibilitatea-apei","status":"publish","type":"page","link":"https:\/\/servicii.dronexpert.md\/ru\/disponibilitatea-apei\/","title":{"rendered":"Disponibilitatea apei"},"content":{"rendered":"<div data-elementor-type=\"wp-page\" data-elementor-id=\"1951\" class=\"elementor elementor-1951\">\n\t\t\t\t\t\t\t\t\t<section class=\"elementor-section elementor-top-section elementor-element elementor-element-3d58479 elementor-section-full_width elementor-section-stretched elementor-section-height-min-height elementor-section-height-default elementor-section-items-middle wd-section-disabled\" data-id=\"3d58479\" data-element_type=\"section\" data-settings=\"{&quot;stretch_section&quot;:&quot;section-stretched&quot;,&quot;background_background&quot;:&quot;classic&quot;}\">\n\t\t\t\t\t\t<div class=\"elementor-container elementor-column-gap-default\">\n\t\t\t\t\t<div class=\"elementor-column elementor-col-50 elementor-top-column elementor-element elementor-element-e7b138d\" data-id=\"e7b138d\" data-element_type=\"column\">\n\t\t\t<div class=\"elementor-widget-wrap\">\n\t\t\t\t\t\t\t\t\t<\/div>\n\t\t<\/div>\n\t\t\t\t<div class=\"elementor-column elementor-col-50 elementor-top-column elementor-element elementor-element-12eb039\" data-id=\"12eb039\" data-element_type=\"column\">\n\t\t\t<div class=\"elementor-widget-wrap\">\n\t\t\t\t\t\t\t\t\t<\/div>\n\t\t<\/div>\n\t\t\t\t\t\t\t<\/div>\n\t\t<\/section>\n\t\t\t\t<section class=\"elementor-section elementor-top-section elementor-element elementor-element-ec80359 elementor-section-boxed elementor-section-height-default elementor-section-height-default wd-section-disabled\" data-id=\"ec80359\" data-element_type=\"section\">\n\t\t\t\t\t\t<div class=\"elementor-container elementor-column-gap-default\">\n\t\t\t\t\t<div class=\"elementor-column elementor-col-100 elementor-top-column elementor-element elementor-element-cd6c462\" data-id=\"cd6c462\" data-element_type=\"column\">\n\t\t\t<div class=\"elementor-widget-wrap elementor-element-populated\">\n\t\t\t\t\t\t\t\t<div class=\"elementor-element elementor-element-ea5d0f9 elementor-widget elementor-widget-wd_title\" data-id=\"ea5d0f9\" data-element_type=\"widget\" data-widget_type=\"wd_title.default\">\n\t\t\t\t<div class=\"elementor-widget-container\">\n\t\t\t\t\t\t<link rel=\"stylesheet\" id=\"wd-section-title-css\" href=\"https:\/\/servicii.dronexpert.md\/wp-content\/themes\/dron\/css\/parts\/el-section-title.min.css?ver=1.0\" type=\"text\/css\" media=\"all\" \/> \t\t\t\t\t<div class=\"title-wrapper set-mb-s reset-last-child wd-title-color-default wd-title-style-default wd-title-size-default text-center\">\n\n\t\t\t\n\t\t\t<div class=\"liner-continer\">\n\n\t\t\t\t<h1 class=\"woodmart-title-container title wd-fontsize-l\">\n\t\t\t\t\tDisponibilitatea apei\t\t\t\t<\/h1>\n\n\t\t\t\t\n\t\t\t<\/div>\n\n\t\t\t\t\t<\/div>\n\t\t\t\t<\/div>\n\t\t\t\t<\/div>\n\t\t\t\t<div class=\"elementor-element elementor-element-54caf8e color-scheme-inherit text-left elementor-widget elementor-widget-text-editor\" data-id=\"54caf8e\" data-element_type=\"widget\" data-widget_type=\"text-editor.default\">\n\t\t\t\t<div class=\"elementor-widget-container\">\n\t\t\t\t\t\t\t<p>H\u0103r\u021bile ce indic\u0103 deficitul de ap\u0103 v\u0103 permit s\u0103 identifica\u021bi zonele din c\u00e2mp \u00een care dezvoltarea plantelor este redus\u0103 datorit\u0103 accesului limitat al apei sau viceversa excesului acesteia (zone de inunda\u021bii) Cel mai adesea, astfel de locuri sunt dealuri, vetre, albii vechi ale r\u00e2urilor, zone cu un procent mare de nisip \u00een sol. Localizarea acestor zone permite prelucrarea suplimentar\u0103 a solului \u00een locurile potrivite sau excluderea zonelor cu probleme de la cultivare \u0219i astfel economisirea materialelor pentru semin\u021be, \u00eengr\u0103\u0219\u0103minte, echipamente de protec\u021bie \u0219i combustibili \u0219i lubrifian\u021bi.<\/p>\n\n<p>H\u0103r\u021bile de deficit de ap\u0103 sunt \u00eentocmite \u00een baz\u0103 datelor prin satelit actualizate, utiliz\u00e2nd canale spectrale care sunt sensibile la varia\u021biile de ap\u0103. <\/p>\t\t\t\t\t\t<\/div>\n\t\t\t\t<\/div>\n\t\t\t\t\t<\/div>\n\t\t<\/div>\n\t\t\t\t\t\t\t<\/div>\n\t\t<\/section>\n\t\t\t\t<section class=\"elementor-section elementor-top-section elementor-element elementor-element-0c4b577 elementor-section-boxed elementor-section-height-default elementor-section-height-default wd-section-disabled\" data-id=\"0c4b577\" data-element_type=\"section\">\n\t\t\t\t\t\t<div class=\"elementor-container elementor-column-gap-default\">\n\t\t\t\t\t<div class=\"elementor-column elementor-col-100 elementor-top-column elementor-element elementor-element-a62cbe9\" data-id=\"a62cbe9\" data-element_type=\"column\">\n\t\t\t<div class=\"elementor-widget-wrap elementor-element-populated\">\n\t\t\t\t\t\t\t\t<div class=\"elementor-element elementor-element-cca47ec elementor-widget elementor-widget-wd_title\" data-id=\"cca47ec\" data-element_type=\"widget\" data-widget_type=\"wd_title.default\">\n\t\t\t\t<div class=\"elementor-widget-container\">\n\t\t\t\t\t<div class=\"title-wrapper set-mb-s reset-last-child wd-title-color-default wd-title-style-default wd-title-size-default text-left\">\n\n\t\t\t\n\t\t\t<div class=\"liner-continer\">\n\n\t\t\t\t<h1 class=\"woodmart-title-container title wd-fontsize-l\">\n\t\t\t\t\tLucr\u0103ri executate de compania noastr\u0103\t\t\t\t<\/h1>\n\n\t\t\t\t\n\t\t\t<\/div>\n\n\t\t\t\t\t<\/div>\n\t\t\t\t<\/div>\n\t\t\t\t<\/div>\n\t\t\t\t<div class=\"elementor-element elementor-element-74045e3 elementor-widget elementor-widget-toggle\" data-id=\"74045e3\" data-element_type=\"widget\" data-widget_type=\"toggle.default\">\n\t\t\t\t<div class=\"elementor-widget-container\">\n\t\t\t\t\t<div class=\"elementor-toggle\">\n\t\t\t\t\t\t\t<div class=\"elementor-toggle-item\">\n\t\t\t\t\t<div id=\"elementor-tab-title-1211\" class=\"elementor-tab-title\" data-tab=\"1\" role=\"button\" aria-controls=\"elementor-tab-content-1211\" aria-expanded=\"false\">\n\t\t\t\t\t\t\t\t\t\t\t\t<span class=\"elementor-toggle-icon elementor-toggle-icon-left\" aria-hidden=\"true\">\n\t\t\t\t\t\t\t\t\t\t\t\t\t\t\t<span class=\"elementor-toggle-icon-closed\"><i class=\"fas fa-caret-down\"><\/i><\/span>\n\t\t\t\t\t\t\t\t<span class=\"elementor-toggle-icon-opened\"><i class=\"elementor-toggle-icon-opened fas fa-caret-up\"><\/i><\/span>\n\t\t\t\t\t\t\t\t\t\t\t\t\t<\/span>\n\t\t\t\t\t\t\t\t\t\t\t\t<a class=\"elementor-toggle-title\" tabindex=\"0\">Planificarea lucr\u0103rilor<\/a>\n\t\t\t\t\t<\/div>\n\n\t\t\t\t\t<div id=\"elementor-tab-content-1211\" class=\"elementor-tab-content elementor-clearfix\" data-tab=\"1\" role=\"region\" aria-labelledby=\"elementor-tab-title-1211\"><p>\u00cen faza de planificare, convenim \u00een comun un plan de scanare individual, perioada de studiu \u0219i calendarul lucr\u0103rilor.<\/p><\/div>\n\t\t\t\t<\/div>\n\t\t\t\t\t\t\t<div class=\"elementor-toggle-item\">\n\t\t\t\t\t<div id=\"elementor-tab-title-1212\" class=\"elementor-tab-title\" data-tab=\"2\" role=\"button\" aria-controls=\"elementor-tab-content-1212\" aria-expanded=\"false\">\n\t\t\t\t\t\t\t\t\t\t\t\t<span class=\"elementor-toggle-icon elementor-toggle-icon-left\" aria-hidden=\"true\">\n\t\t\t\t\t\t\t\t\t\t\t\t\t\t\t<span class=\"elementor-toggle-icon-closed\"><i class=\"fas fa-caret-down\"><\/i><\/span>\n\t\t\t\t\t\t\t\t<span class=\"elementor-toggle-icon-opened\"><i class=\"elementor-toggle-icon-opened fas fa-caret-up\"><\/i><\/span>\n\t\t\t\t\t\t\t\t\t\t\t\t\t<\/span>\n\t\t\t\t\t\t\t\t\t\t\t\t<a class=\"elementor-toggle-title\" tabindex=\"0\">Executarea lucr\u0103rilor<\/a>\n\t\t\t\t\t<\/div>\n\n\t\t\t\t\t<div id=\"elementor-tab-content-1212\" class=\"elementor-tab-content elementor-clearfix\" data-tab=\"2\" role=\"region\" aria-labelledby=\"elementor-tab-title-1212\"><p>Speciali\u0219tii no\u0219tri creeaz\u0103 h\u0103r\u021bi ale deficitului de ap\u0103 \u00een baza datelor prin satelit.<\/p><\/div>\n\t\t\t\t<\/div>\n\t\t\t\t\t\t\t<div class=\"elementor-toggle-item\">\n\t\t\t\t\t<div id=\"elementor-tab-title-1213\" class=\"elementor-tab-title\" data-tab=\"3\" role=\"button\" aria-controls=\"elementor-tab-content-1213\" aria-expanded=\"false\">\n\t\t\t\t\t\t\t\t\t\t\t\t<span class=\"elementor-toggle-icon elementor-toggle-icon-left\" aria-hidden=\"true\">\n\t\t\t\t\t\t\t\t\t\t\t\t\t\t\t<span class=\"elementor-toggle-icon-closed\"><i class=\"fas fa-caret-down\"><\/i><\/span>\n\t\t\t\t\t\t\t\t<span class=\"elementor-toggle-icon-opened\"><i class=\"elementor-toggle-icon-opened fas fa-caret-up\"><\/i><\/span>\n\t\t\t\t\t\t\t\t\t\t\t\t\t<\/span>\n\t\t\t\t\t\t\t\t\t\t\t\t<a class=\"elementor-toggle-title\" tabindex=\"0\">Rezultate<\/a>\n\t\t\t\t\t<\/div>\n\n\t\t\t\t\t<div id=\"elementor-tab-content-1213\" class=\"elementor-tab-content elementor-clearfix\" data-tab=\"3\" role=\"region\" aria-labelledby=\"elementor-tab-title-1213\"><p>H\u0103r\u021bi ale deficitului de ap\u0103 \u00een format geoTIF, SHP \u0219i KMZ, raport PDF<\/p><\/div>\n\t\t\t\t<\/div>\n\t\t\t\t\t\t\t<div class=\"elementor-toggle-item\">\n\t\t\t\t\t<div id=\"elementor-tab-title-1214\" class=\"elementor-tab-title\" data-tab=\"4\" role=\"button\" aria-controls=\"elementor-tab-content-1214\" aria-expanded=\"false\">\n\t\t\t\t\t\t\t\t\t\t\t\t<span class=\"elementor-toggle-icon elementor-toggle-icon-left\" aria-hidden=\"true\">\n\t\t\t\t\t\t\t\t\t\t\t\t\t\t\t<span class=\"elementor-toggle-icon-closed\"><i class=\"fas fa-caret-down\"><\/i><\/span>\n\t\t\t\t\t\t\t\t<span class=\"elementor-toggle-icon-opened\"><i class=\"elementor-toggle-icon-opened fas fa-caret-up\"><\/i><\/span>\n\t\t\t\t\t\t\t\t\t\t\t\t\t<\/span>\n\t\t\t\t\t\t\t\t\t\t\t\t<a class=\"elementor-toggle-title\" tabindex=\"0\">Livrarea prompt\u0103 a rezultatelor<\/a>\n\t\t\t\t\t<\/div>\n\n\t\t\t\t\t<div id=\"elementor-tab-content-1214\" class=\"elementor-tab-content elementor-clearfix\" data-tab=\"4\" role=\"region\" aria-labelledby=\"elementor-tab-title-1214\"><p>\u00cen func\u021bie de volumul de lucru.<\/p><\/div>\n\t\t\t\t<\/div>\n\t\t\t\t\t\t\t<div class=\"elementor-toggle-item\">\n\t\t\t\t\t<div id=\"elementor-tab-title-1215\" class=\"elementor-tab-title\" data-tab=\"5\" role=\"button\" aria-controls=\"elementor-tab-content-1215\" aria-expanded=\"false\">\n\t\t\t\t\t\t\t\t\t\t\t\t<span class=\"elementor-toggle-icon elementor-toggle-icon-left\" aria-hidden=\"true\">\n\t\t\t\t\t\t\t\t\t\t\t\t\t\t\t<span class=\"elementor-toggle-icon-closed\"><i class=\"fas fa-caret-down\"><\/i><\/span>\n\t\t\t\t\t\t\t\t<span class=\"elementor-toggle-icon-opened\"><i class=\"elementor-toggle-icon-opened fas fa-caret-up\"><\/i><\/span>\n\t\t\t\t\t\t\t\t\t\t\t\t\t<\/span>\n\t\t\t\t\t\t\t\t\t\t\t\t<a class=\"elementor-toggle-title\" tabindex=\"0\">Recomand\u0103ri de utilizare a serviciului<\/a>\n\t\t\t\t\t<\/div>\n\n\t\t\t\t\t<div id=\"elementor-tab-content-1215\" class=\"elementor-tab-content elementor-clearfix\" data-tab=\"5\" role=\"region\" aria-labelledby=\"elementor-tab-title-1215\"><p>Recomand\u0103m efectuarea analizei deficitului de ap\u0103 \u00een timpul etapelor de cre\u0219tere \u0219i de produc\u021bie a plantelor \u00een c\u00e2mpurile cu poten\u021biale probleme de aprovizionare cu ap\u0103, \u00een c\u00e2mpurile cu iriga\u021bii artificiale \u0219i \u00een c\u00e2mpurile situate \u00een regiuni aride.<\/p><\/div>\n\t\t\t\t<\/div>\n\t\t\t\t\t\t\t\t<\/div>\n\t\t\t\t<\/div>\n\t\t\t\t<\/div>\n\t\t\t\t\t<\/div>\n\t\t<\/div>\n\t\t\t\t\t\t\t<\/div>\n\t\t<\/section>\n\t\t\t\t\t\t\t<\/div>","protected":false},"excerpt":{"rendered":"<p>Disponibilitatea apei H\u0103r\u021bile ce indic\u0103 deficitul de ap\u0103 v\u0103 permit s\u0103 identifica\u021bi zonele din c\u00e2mp \u00een care dezvoltarea plantelor este<\/p>","protected":false},"author":2,"featured_media":0,"parent":0,"menu_order":0,"comment_status":"closed","ping_status":"closed","template":"","meta":{"footnotes":""},"class_list":["post-1951","page","type-page","status-publish","hentry"],"yoast_head":"<!-- This site is optimized with the Yoast SEO plugin v20.13 - https:\/\/yoast.com\/wordpress\/plugins\/seo\/ -->\n<title>Disponibilitatea apei - DronExpert.md<\/title>\n<meta name=\"robots\" content=\"index, follow, max-snippet:-1, max-image-preview:large, max-video-preview:-1\" \/>\n<link rel=\"canonical\" href=\"https:\/\/servicii.dronexpert.md\/ru\/disponibilitatea-apei\/\" \/>\n<meta property=\"og:locale\" content=\"ru_RU\" \/>\n<meta property=\"og:type\" content=\"article\" \/>\n<meta property=\"og:title\" content=\"Disponibilitatea apei - DronExpert.md\" \/>\n<meta property=\"og:description\" content=\"Disponibilitatea apei H\u0103r\u021bile ce indic\u0103 deficitul de ap\u0103 v\u0103 permit s\u0103 identifica\u021bi zonele din c\u00e2mp \u00een care dezvoltarea plantelor este\" \/>\n<meta property=\"og:url\" content=\"https:\/\/servicii.dronexpert.md\/ru\/disponibilitatea-apei\/\" \/>\n<meta property=\"og:site_name\" content=\"DronExpert.md\" \/>\n<meta property=\"article:publisher\" content=\"https:\/\/www.facebook.com\/dronexpert.md\" \/>\n<meta property=\"article:modified_time\" content=\"2021-05-12T10:37:59+00:00\" \/>\n<meta name=\"twitter:card\" content=\"summary_large_image\" \/>\n<meta name=\"twitter:label1\" content=\"\u041f\u0440\u0438\u043c\u0435\u0440\u043d\u043e\u0435 \u0432\u0440\u0435\u043c\u044f \u0434\u043b\u044f \u0447\u0442\u0435\u043d\u0438\u044f\" \/>\n\t<meta name=\"twitter:data1\" content=\"1 \u043c\u0438\u043d\u0443\u0442\u0430\" \/>\n<script type=\"application\/ld+json\" class=\"yoast-schema-graph\">{\"@context\":\"https:\/\/schema.org\",\"@graph\":[{\"@type\":\"WebPage\",\"@id\":\"https:\/\/servicii.dronexpert.md\/ru\/disponibilitatea-apei\/\",\"url\":\"https:\/\/servicii.dronexpert.md\/ru\/disponibilitatea-apei\/\",\"name\":\"Disponibilitatea apei - DronExpert.md\",\"isPartOf\":{\"@id\":\"https:\/\/servicii.dronexpert.md\/ru\/#website\"},\"datePublished\":\"2021-05-12T10:26:39+00:00\",\"dateModified\":\"2021-05-12T10:37:59+00:00\",\"breadcrumb\":{\"@id\":\"https:\/\/servicii.dronexpert.md\/ru\/disponibilitatea-apei\/#breadcrumb\"},\"inLanguage\":\"ru-RU\",\"potentialAction\":[{\"@type\":\"ReadAction\",\"target\":[\"https:\/\/servicii.dronexpert.md\/ru\/disponibilitatea-apei\/\"]}]},{\"@type\":\"BreadcrumbList\",\"@id\":\"https:\/\/servicii.dronexpert.md\/ru\/disponibilitatea-apei\/#breadcrumb\",\"itemListElement\":[{\"@type\":\"ListItem\",\"position\":1,\"name\":\"\u0413\u043b\u0430\u0432\u043d\u0430\u044f \u0441\u0442\u0440\u0430\u043d\u0438\u0446\u0430\",\"item\":\"https:\/\/servicii.dronexpert.md\/ru\/\"},{\"@type\":\"ListItem\",\"position\":2,\"name\":\"Disponibilitatea apei\"}]},{\"@type\":\"WebSite\",\"@id\":\"https:\/\/servicii.dronexpert.md\/ru\/#website\",\"url\":\"https:\/\/servicii.dronexpert.md\/ru\/\",\"name\":\"DronExpert.md\",\"description\":\"1\",\"publisher\":{\"@id\":\"https:\/\/servicii.dronexpert.md\/ru\/#organization\"},\"potentialAction\":[{\"@type\":\"SearchAction\",\"target\":{\"@type\":\"EntryPoint\",\"urlTemplate\":\"https:\/\/servicii.dronexpert.md\/ru\/?s={search_term_string}\"},\"query-input\":\"required name=search_term_string\"}],\"inLanguage\":\"ru-RU\"},{\"@type\":\"Organization\",\"@id\":\"https:\/\/servicii.dronexpert.md\/ru\/#organization\",\"name\":\"dronexpert.md\",\"url\":\"https:\/\/servicii.dronexpert.md\/ru\/\",\"logo\":{\"@type\":\"ImageObject\",\"inLanguage\":\"ru-RU\",\"@id\":\"https:\/\/servicii.dronexpert.md\/ru\/#\/schema\/logo\/image\/\",\"url\":\"http:\/\/servicii.dronexpert.md\/wp-content\/uploads\/2023\/02\/dronlogo-secundary.png\",\"contentUrl\":\"http:\/\/servicii.dronexpert.md\/wp-content\/uploads\/2023\/02\/dronlogo-secundary.png\",\"width\":628,\"height\":343,\"caption\":\"dronexpert.md\"},\"image\":{\"@id\":\"https:\/\/servicii.dronexpert.md\/ru\/#\/schema\/logo\/image\/\"},\"sameAs\":[\"https:\/\/www.facebook.com\/dronexpert.md\",\"https:\/\/www.instagram.com\/dronexpert.md\/\"]}]}<\/script>\n<!-- \/ Yoast SEO plugin. -->","yoast_head_json":{"title":"Disponibilitatea apei - DronExpert.md","robots":{"index":"index","follow":"follow","max-snippet":"max-snippet:-1","max-image-preview":"max-image-preview:large","max-video-preview":"max-video-preview:-1"},"canonical":"https:\/\/servicii.dronexpert.md\/ru\/disponibilitatea-apei\/","og_locale":"ru_RU","og_type":"article","og_title":"Disponibilitatea apei - DronExpert.md","og_description":"Disponibilitatea apei H\u0103r\u021bile ce indic\u0103 deficitul de ap\u0103 v\u0103 permit s\u0103 identifica\u021bi zonele din c\u00e2mp \u00een care dezvoltarea plantelor este","og_url":"https:\/\/servicii.dronexpert.md\/ru\/disponibilitatea-apei\/","og_site_name":"DronExpert.md","article_publisher":"https:\/\/www.facebook.com\/dronexpert.md","article_modified_time":"2021-05-12T10:37:59+00:00","twitter_card":"summary_large_image","twitter_misc":{"\u041f\u0440\u0438\u043c\u0435\u0440\u043d\u043e\u0435 \u0432\u0440\u0435\u043c\u044f \u0434\u043b\u044f \u0447\u0442\u0435\u043d\u0438\u044f":"1 \u043c\u0438\u043d\u0443\u0442\u0430"},"schema":{"@context":"https:\/\/schema.org","@graph":[{"@type":"WebPage","@id":"https:\/\/servicii.dronexpert.md\/ru\/disponibilitatea-apei\/","url":"https:\/\/servicii.dronexpert.md\/ru\/disponibilitatea-apei\/","name":"Disponibilitatea apei - DronExpert.md","isPartOf":{"@id":"https:\/\/servicii.dronexpert.md\/ru\/#website"},"datePublished":"2021-05-12T10:26:39+00:00","dateModified":"2021-05-12T10:37:59+00:00","breadcrumb":{"@id":"https:\/\/servicii.dronexpert.md\/ru\/disponibilitatea-apei\/#breadcrumb"},"inLanguage":"ru-RU","potentialAction":[{"@type":"ReadAction","target":["https:\/\/servicii.dronexpert.md\/ru\/disponibilitatea-apei\/"]}]},{"@type":"BreadcrumbList","@id":"https:\/\/servicii.dronexpert.md\/ru\/disponibilitatea-apei\/#breadcrumb","itemListElement":[{"@type":"ListItem","position":1,"name":"\u0413\u043b\u0430\u0432\u043d\u0430\u044f \u0441\u0442\u0440\u0430\u043d\u0438\u0446\u0430","item":"https:\/\/servicii.dronexpert.md\/ru\/"},{"@type":"ListItem","position":2,"name":"Disponibilitatea apei"}]},{"@type":"WebSite","@id":"https:\/\/servicii.dronexpert.md\/ru\/#website","url":"https:\/\/servicii.dronexpert.md\/ru\/","name":"DronExpert.md","description":"1","publisher":{"@id":"https:\/\/servicii.dronexpert.md\/ru\/#organization"},"potentialAction":[{"@type":"SearchAction","target":{"@type":"EntryPoint","urlTemplate":"https:\/\/servicii.dronexpert.md\/ru\/?s={search_term_string}"},"query-input":"required name=search_term_string"}],"inLanguage":"ru-RU"},{"@type":"Organization","@id":"https:\/\/servicii.dronexpert.md\/ru\/#organization","name":"dronexpert.md","url":"https:\/\/servicii.dronexpert.md\/ru\/","logo":{"@type":"ImageObject","inLanguage":"ru-RU","@id":"https:\/\/servicii.dronexpert.md\/ru\/#\/schema\/logo\/image\/","url":"http:\/\/servicii.dronexpert.md\/wp-content\/uploads\/2023\/02\/dronlogo-secundary.png","contentUrl":"http:\/\/servicii.dronexpert.md\/wp-content\/uploads\/2023\/02\/dronlogo-secundary.png","width":628,"height":343,"caption":"dronexpert.md"},"image":{"@id":"https:\/\/servicii.dronexpert.md\/ru\/#\/schema\/logo\/image\/"},"sameAs":["https:\/\/www.facebook.com\/dronexpert.md","https:\/\/www.instagram.com\/dronexpert.md\/"]}]}},"_links":{"self":[{"href":"https:\/\/servicii.dronexpert.md\/ru\/wp-json\/wp\/v2\/pages\/1951","targetHints":{"allow":["GET"]}}],"collection":[{"href":"https:\/\/servicii.dronexpert.md\/ru\/wp-json\/wp\/v2\/pages"}],"about":[{"href":"https:\/\/servicii.dronexpert.md\/ru\/wp-json\/wp\/v2\/types\/page"}],"author":[{"embeddable":true,"href":"https:\/\/servicii.dronexpert.md\/ru\/wp-json\/wp\/v2\/users\/2"}],"replies":[{"embeddable":true,"href":"https:\/\/servicii.dronexpert.md\/ru\/wp-json\/wp\/v2\/comments?post=1951"}],"version-history":[{"count":10,"href":"https:\/\/servicii.dronexpert.md\/ru\/wp-json\/wp\/v2\/pages\/1951\/revisions"}],"predecessor-version":[{"id":1971,"href":"https:\/\/servicii.dronexpert.md\/ru\/wp-json\/wp\/v2\/pages\/1951\/revisions\/1971"}],"wp:attachment":[{"href":"https:\/\/servicii.dronexpert.md\/ru\/wp-json\/wp\/v2\/media?parent=1951"}],"curies":[{"name":"wp","href":"https:\/\/api.w.org\/{rel}","templated":true}]}}