{"id":1963,"date":"2021-05-12T10:32:44","date_gmt":"2021-05-12T10:32:44","guid":{"rendered":"http:\/\/servicii.dronexpert.md\/?page_id=1963"},"modified":"2021-05-12T11:11:31","modified_gmt":"2021-05-12T11:11:31","slug":"harti-de-randment-potential","status":"publish","type":"page","link":"https:\/\/servicii.dronexpert.md\/ru\/harti-de-randment-potential\/","title":{"rendered":"H\u0103r\u021bi de randment poten\u021bial"},"content":{"rendered":"<div data-elementor-type=\"wp-page\" data-elementor-id=\"1963\" class=\"elementor elementor-1963\">\n\t\t\t\t\t\t\t\t\t<section class=\"elementor-section elementor-top-section elementor-element elementor-element-41ff8ea elementor-section-full_width elementor-section-stretched elementor-section-height-min-height elementor-section-height-default elementor-section-items-middle wd-section-disabled\" data-id=\"41ff8ea\" data-element_type=\"section\" data-settings=\"{&quot;stretch_section&quot;:&quot;section-stretched&quot;,&quot;background_background&quot;:&quot;classic&quot;}\">\n\t\t\t\t\t\t<div class=\"elementor-container elementor-column-gap-default\">\n\t\t\t\t\t<div class=\"elementor-column elementor-col-50 elementor-top-column elementor-element elementor-element-9748a48\" data-id=\"9748a48\" data-element_type=\"column\">\n\t\t\t<div class=\"elementor-widget-wrap\">\n\t\t\t\t\t\t\t\t\t<\/div>\n\t\t<\/div>\n\t\t\t\t<div class=\"elementor-column elementor-col-50 elementor-top-column elementor-element elementor-element-e055366\" data-id=\"e055366\" data-element_type=\"column\">\n\t\t\t<div class=\"elementor-widget-wrap\">\n\t\t\t\t\t\t\t\t\t<\/div>\n\t\t<\/div>\n\t\t\t\t\t\t\t<\/div>\n\t\t<\/section>\n\t\t\t\t<section class=\"elementor-section elementor-top-section elementor-element elementor-element-51314aa elementor-section-boxed elementor-section-height-default elementor-section-height-default wd-section-disabled\" data-id=\"51314aa\" data-element_type=\"section\">\n\t\t\t\t\t\t<div class=\"elementor-container elementor-column-gap-default\">\n\t\t\t\t\t<div class=\"elementor-column elementor-col-100 elementor-top-column elementor-element elementor-element-c80c40f\" data-id=\"c80c40f\" data-element_type=\"column\">\n\t\t\t<div class=\"elementor-widget-wrap elementor-element-populated\">\n\t\t\t\t\t\t\t\t<div class=\"elementor-element elementor-element-682c9fe elementor-widget elementor-widget-wd_title\" data-id=\"682c9fe\" data-element_type=\"widget\" data-widget_type=\"wd_title.default\">\n\t\t\t\t<div class=\"elementor-widget-container\">\n\t\t\t\t\t\t<link rel=\"stylesheet\" id=\"wd-section-title-css\" href=\"https:\/\/servicii.dronexpert.md\/wp-content\/themes\/dron\/css\/parts\/el-section-title.min.css?ver=1.0\" type=\"text\/css\" media=\"all\" \/> \t\t\t\t\t<div class=\"title-wrapper set-mb-s reset-last-child wd-title-color-default wd-title-style-default wd-title-size-default text-center\">\n\n\t\t\t\n\t\t\t<div class=\"liner-continer\">\n\n\t\t\t\t<h1 class=\"woodmart-title-container title wd-fontsize-l\">\n\t\t\t\t\tH\u0103r\u021bi de randament peten\u021bial\t\t\t\t<\/h1>\n\n\t\t\t\t\n\t\t\t<\/div>\n\n\t\t\t\t\t<\/div>\n\t\t\t\t<\/div>\n\t\t\t\t<\/div>\n\t\t\t\t<div class=\"elementor-element elementor-element-e7816e8 color-scheme-inherit text-left elementor-widget elementor-widget-text-editor\" data-id=\"e7816e8\" data-element_type=\"widget\" data-widget_type=\"text-editor.default\">\n\t\t\t\t<div class=\"elementor-widget-container\">\n\t\t\t\t\t\t\t<p>H\u0103r\u021bile cu randament poten\u021bial sunt \u00eentocmite \u00een urma analizei datelor prin satelit privind starea plantelor din ultimii 3-5 ani, ceea ce face posibil\u0103 identificarea zonelor stabile (care se repet\u0103 de la an la an) cu diferite niveluri de dezvoltare a plantelor \u00een terenul dat.<\/p> \n\n<p>H\u0103r\u021bile poten\u021biale de randament sunt utilizate pentru a ajusta ratele de aplicare \u0219i pentru a compara randamentele poten\u021biale ale diferitelor c\u00e2mpuri.<\/p> \t\t\t\t\t\t<\/div>\n\t\t\t\t<\/div>\n\t\t\t\t\t<\/div>\n\t\t<\/div>\n\t\t\t\t\t\t\t<\/div>\n\t\t<\/section>\n\t\t\t\t<section class=\"elementor-section elementor-top-section elementor-element elementor-element-a80368c elementor-section-boxed elementor-section-height-default elementor-section-height-default wd-section-disabled\" data-id=\"a80368c\" data-element_type=\"section\">\n\t\t\t\t\t\t<div class=\"elementor-container elementor-column-gap-default\">\n\t\t\t\t\t<div class=\"elementor-column elementor-col-100 elementor-top-column elementor-element elementor-element-1c1fff3\" data-id=\"1c1fff3\" data-element_type=\"column\">\n\t\t\t<div class=\"elementor-widget-wrap elementor-element-populated\">\n\t\t\t\t\t\t\t\t<div class=\"elementor-element elementor-element-5a2a7bd elementor-widget elementor-widget-wd_title\" data-id=\"5a2a7bd\" data-element_type=\"widget\" data-widget_type=\"wd_title.default\">\n\t\t\t\t<div class=\"elementor-widget-container\">\n\t\t\t\t\t<div class=\"title-wrapper set-mb-s reset-last-child wd-title-color-default wd-title-style-default wd-title-size-default text-left\">\n\n\t\t\t\n\t\t\t<div class=\"liner-continer\">\n\n\t\t\t\t<h1 class=\"woodmart-title-container title wd-fontsize-l\">\n\t\t\t\t\tLucr\u0103ri executate de compania noastr\u0103\t\t\t\t<\/h1>\n\n\t\t\t\t\n\t\t\t<\/div>\n\n\t\t\t\t\t<\/div>\n\t\t\t\t<\/div>\n\t\t\t\t<\/div>\n\t\t\t\t<div class=\"elementor-element elementor-element-56a1302 elementor-widget elementor-widget-toggle\" data-id=\"56a1302\" data-element_type=\"widget\" data-widget_type=\"toggle.default\">\n\t\t\t\t<div class=\"elementor-widget-container\">\n\t\t\t\t\t<div class=\"elementor-toggle\">\n\t\t\t\t\t\t\t<div class=\"elementor-toggle-item\">\n\t\t\t\t\t<div id=\"elementor-tab-title-9081\" class=\"elementor-tab-title\" data-tab=\"1\" role=\"button\" aria-controls=\"elementor-tab-content-9081\" aria-expanded=\"false\">\n\t\t\t\t\t\t\t\t\t\t\t\t<span class=\"elementor-toggle-icon elementor-toggle-icon-left\" aria-hidden=\"true\">\n\t\t\t\t\t\t\t\t\t\t\t\t\t\t\t<span class=\"elementor-toggle-icon-closed\"><i class=\"fas fa-caret-down\"><\/i><\/span>\n\t\t\t\t\t\t\t\t<span class=\"elementor-toggle-icon-opened\"><i class=\"elementor-toggle-icon-opened fas fa-caret-up\"><\/i><\/span>\n\t\t\t\t\t\t\t\t\t\t\t\t\t<\/span>\n\t\t\t\t\t\t\t\t\t\t\t\t<a class=\"elementor-toggle-title\" tabindex=\"0\">Planificarea lucr\u0103rilor<\/a>\n\t\t\t\t\t<\/div>\n\n\t\t\t\t\t<div id=\"elementor-tab-content-9081\" class=\"elementor-tab-content elementor-clearfix\" data-tab=\"1\" role=\"region\" aria-labelledby=\"elementor-tab-title-9081\"><p>\u00cen etapa de planificare, sunt convenite c\u00e2mpurile sau teritoriile de studiu \u0219i perioada de studiu (num\u0103rul de ani), precum \u0219i dac\u0103 va fi luat\u0103 \u00een considerare rota\u021bia culturilor.<\/p><\/div>\n\t\t\t\t<\/div>\n\t\t\t\t\t\t\t<div class=\"elementor-toggle-item\">\n\t\t\t\t\t<div id=\"elementor-tab-title-9082\" class=\"elementor-tab-title\" data-tab=\"2\" role=\"button\" aria-controls=\"elementor-tab-content-9082\" aria-expanded=\"false\">\n\t\t\t\t\t\t\t\t\t\t\t\t<span class=\"elementor-toggle-icon elementor-toggle-icon-left\" aria-hidden=\"true\">\n\t\t\t\t\t\t\t\t\t\t\t\t\t\t\t<span class=\"elementor-toggle-icon-closed\"><i class=\"fas fa-caret-down\"><\/i><\/span>\n\t\t\t\t\t\t\t\t<span class=\"elementor-toggle-icon-opened\"><i class=\"elementor-toggle-icon-opened fas fa-caret-up\"><\/i><\/span>\n\t\t\t\t\t\t\t\t\t\t\t\t\t<\/span>\n\t\t\t\t\t\t\t\t\t\t\t\t<a class=\"elementor-toggle-title\" tabindex=\"0\">Executarea lucr\u0103rilor<\/a>\n\t\t\t\t\t<\/div>\n\n\t\t\t\t\t<div id=\"elementor-tab-content-9082\" class=\"elementor-tab-content elementor-clearfix\" data-tab=\"2\" role=\"region\" aria-labelledby=\"elementor-tab-title-9082\"><p>Speciali\u0219tii no\u0219tri creeaz\u0103 h\u0103r\u021bi cu randamente poten\u021biale pe baza datelor prin satelit pentru perioada selectat\u0103.<\/p><\/div>\n\t\t\t\t<\/div>\n\t\t\t\t\t\t\t<div class=\"elementor-toggle-item\">\n\t\t\t\t\t<div id=\"elementor-tab-title-9083\" class=\"elementor-tab-title\" data-tab=\"3\" role=\"button\" aria-controls=\"elementor-tab-content-9083\" aria-expanded=\"false\">\n\t\t\t\t\t\t\t\t\t\t\t\t<span class=\"elementor-toggle-icon elementor-toggle-icon-left\" aria-hidden=\"true\">\n\t\t\t\t\t\t\t\t\t\t\t\t\t\t\t<span class=\"elementor-toggle-icon-closed\"><i class=\"fas fa-caret-down\"><\/i><\/span>\n\t\t\t\t\t\t\t\t<span class=\"elementor-toggle-icon-opened\"><i class=\"elementor-toggle-icon-opened fas fa-caret-up\"><\/i><\/span>\n\t\t\t\t\t\t\t\t\t\t\t\t\t<\/span>\n\t\t\t\t\t\t\t\t\t\t\t\t<a class=\"elementor-toggle-title\" tabindex=\"0\">Rezultate<\/a>\n\t\t\t\t\t<\/div>\n\n\t\t\t\t\t<div id=\"elementor-tab-content-9083\" class=\"elementor-tab-content elementor-clearfix\" data-tab=\"3\" role=\"region\" aria-labelledby=\"elementor-tab-title-9083\"><p>Harta poten\u021bial\u0103 a randamentului \u00een formatele SHP \u0219i KMZ sau \u00eentr-un alt format, conform acordului cu clientul. \u00cen plus, vom furniza un raport PDF privind activitatea desf\u0103\u0219urat\u0103.<\/p><\/div>\n\t\t\t\t<\/div>\n\t\t\t\t\t\t\t<div class=\"elementor-toggle-item\">\n\t\t\t\t\t<div id=\"elementor-tab-title-9084\" class=\"elementor-tab-title\" data-tab=\"4\" role=\"button\" aria-controls=\"elementor-tab-content-9084\" aria-expanded=\"false\">\n\t\t\t\t\t\t\t\t\t\t\t\t<span class=\"elementor-toggle-icon elementor-toggle-icon-left\" aria-hidden=\"true\">\n\t\t\t\t\t\t\t\t\t\t\t\t\t\t\t<span class=\"elementor-toggle-icon-closed\"><i class=\"fas fa-caret-down\"><\/i><\/span>\n\t\t\t\t\t\t\t\t<span class=\"elementor-toggle-icon-opened\"><i class=\"elementor-toggle-icon-opened fas fa-caret-up\"><\/i><\/span>\n\t\t\t\t\t\t\t\t\t\t\t\t\t<\/span>\n\t\t\t\t\t\t\t\t\t\t\t\t<a class=\"elementor-toggle-title\" tabindex=\"0\">Livrarea prompt\u0103 a rezultatelor<\/a>\n\t\t\t\t\t<\/div>\n\n\t\t\t\t\t<div id=\"elementor-tab-content-9084\" class=\"elementor-tab-content elementor-clearfix\" data-tab=\"4\" role=\"region\" aria-labelledby=\"elementor-tab-title-9084\"><p>Timp de 72 de ore dup\u0103 contractarea serviciului.<\/p><\/div>\n\t\t\t\t<\/div>\n\t\t\t\t\t\t\t<div class=\"elementor-toggle-item\">\n\t\t\t\t\t<div id=\"elementor-tab-title-9085\" class=\"elementor-tab-title\" data-tab=\"5\" role=\"button\" aria-controls=\"elementor-tab-content-9085\" aria-expanded=\"false\">\n\t\t\t\t\t\t\t\t\t\t\t\t<span class=\"elementor-toggle-icon elementor-toggle-icon-left\" aria-hidden=\"true\">\n\t\t\t\t\t\t\t\t\t\t\t\t\t\t\t<span class=\"elementor-toggle-icon-closed\"><i class=\"fas fa-caret-down\"><\/i><\/span>\n\t\t\t\t\t\t\t\t<span class=\"elementor-toggle-icon-opened\"><i class=\"elementor-toggle-icon-opened fas fa-caret-up\"><\/i><\/span>\n\t\t\t\t\t\t\t\t\t\t\t\t\t<\/span>\n\t\t\t\t\t\t\t\t\t\t\t\t<a class=\"elementor-toggle-title\" tabindex=\"0\">Recomand\u0103ri de utilizare a serviciului<\/a>\n\t\t\t\t\t<\/div>\n\n\t\t\t\t\t<div id=\"elementor-tab-content-9085\" class=\"elementor-tab-content elementor-clearfix\" data-tab=\"5\" role=\"region\" aria-labelledby=\"elementor-tab-title-9085\"><p>Recomand\u0103m efectuarea unei analize a randamentului\/recoltei poten\u021biale \u00eenainte de lucr\u0103rile de \u00eens\u0103m\u00e2n\u021bare pentru a ajusta ratele de aplicare a \u00eengr\u0103\u0219\u0103mintelor.<\/p><\/div>\n\t\t\t\t<\/div>\n\t\t\t\t\t\t\t\t<\/div>\n\t\t\t\t<\/div>\n\t\t\t\t<\/div>\n\t\t\t\t\t<\/div>\n\t\t<\/div>\n\t\t\t\t\t\t\t<\/div>\n\t\t<\/section>\n\t\t\t\t\t\t\t<\/div>","protected":false},"excerpt":{"rendered":"<p>H\u0103r\u021bi de randament peten\u021bial H\u0103r\u021bile cu randament poten\u021bial sunt \u00eentocmite \u00een urma analizei datelor prin satelit privind starea plantelor din<\/p>","protected":false},"author":2,"featured_media":0,"parent":0,"menu_order":0,"comment_status":"closed","ping_status":"closed","template":"","meta":{"footnotes":""},"class_list":["post-1963","page","type-page","status-publish","hentry"],"yoast_head":"<!-- This site is optimized with the Yoast SEO plugin v20.13 - https:\/\/yoast.com\/wordpress\/plugins\/seo\/ -->\n<title>H\u0103r\u021bi de randment poten\u021bial - DronExpert.md<\/title>\n<meta name=\"robots\" content=\"index, follow, max-snippet:-1, max-image-preview:large, max-video-preview:-1\" \/>\n<link rel=\"canonical\" href=\"https:\/\/servicii.dronexpert.md\/ru\/harti-de-randment-potential\/\" \/>\n<meta property=\"og:locale\" content=\"ru_RU\" \/>\n<meta property=\"og:type\" content=\"article\" \/>\n<meta property=\"og:title\" content=\"H\u0103r\u021bi de randment poten\u021bial - DronExpert.md\" \/>\n<meta property=\"og:description\" content=\"H\u0103r\u021bi de randament peten\u021bial H\u0103r\u021bile cu randament poten\u021bial sunt \u00eentocmite \u00een urma analizei datelor prin satelit privind starea plantelor din\" \/>\n<meta property=\"og:url\" content=\"https:\/\/servicii.dronexpert.md\/ru\/harti-de-randment-potential\/\" \/>\n<meta property=\"og:site_name\" content=\"DronExpert.md\" \/>\n<meta property=\"article:publisher\" content=\"https:\/\/www.facebook.com\/dronexpert.md\" \/>\n<meta property=\"article:modified_time\" content=\"2021-05-12T11:11:31+00:00\" \/>\n<meta name=\"twitter:card\" content=\"summary_large_image\" \/>\n<meta name=\"twitter:label1\" content=\"\u041f\u0440\u0438\u043c\u0435\u0440\u043d\u043e\u0435 \u0432\u0440\u0435\u043c\u044f \u0434\u043b\u044f \u0447\u0442\u0435\u043d\u0438\u044f\" \/>\n\t<meta name=\"twitter:data1\" content=\"1 \u043c\u0438\u043d\u0443\u0442\u0430\" \/>\n<script type=\"application\/ld+json\" class=\"yoast-schema-graph\">{\"@context\":\"https:\/\/schema.org\",\"@graph\":[{\"@type\":\"WebPage\",\"@id\":\"https:\/\/servicii.dronexpert.md\/ru\/harti-de-randment-potential\/\",\"url\":\"https:\/\/servicii.dronexpert.md\/ru\/harti-de-randment-potential\/\",\"name\":\"H\u0103r\u021bi de randment poten\u021bial - DronExpert.md\",\"isPartOf\":{\"@id\":\"https:\/\/servicii.dronexpert.md\/ru\/#website\"},\"datePublished\":\"2021-05-12T10:32:44+00:00\",\"dateModified\":\"2021-05-12T11:11:31+00:00\",\"breadcrumb\":{\"@id\":\"https:\/\/servicii.dronexpert.md\/ru\/harti-de-randment-potential\/#breadcrumb\"},\"inLanguage\":\"ru-RU\",\"potentialAction\":[{\"@type\":\"ReadAction\",\"target\":[\"https:\/\/servicii.dronexpert.md\/ru\/harti-de-randment-potential\/\"]}]},{\"@type\":\"BreadcrumbList\",\"@id\":\"https:\/\/servicii.dronexpert.md\/ru\/harti-de-randment-potential\/#breadcrumb\",\"itemListElement\":[{\"@type\":\"ListItem\",\"position\":1,\"name\":\"\u0413\u043b\u0430\u0432\u043d\u0430\u044f \u0441\u0442\u0440\u0430\u043d\u0438\u0446\u0430\",\"item\":\"https:\/\/servicii.dronexpert.md\/ru\/\"},{\"@type\":\"ListItem\",\"position\":2,\"name\":\"H\u0103r\u021bi de randment poten\u021bial\"}]},{\"@type\":\"WebSite\",\"@id\":\"https:\/\/servicii.dronexpert.md\/ru\/#website\",\"url\":\"https:\/\/servicii.dronexpert.md\/ru\/\",\"name\":\"DronExpert.md\",\"description\":\"1\",\"publisher\":{\"@id\":\"https:\/\/servicii.dronexpert.md\/ru\/#organization\"},\"potentialAction\":[{\"@type\":\"SearchAction\",\"target\":{\"@type\":\"EntryPoint\",\"urlTemplate\":\"https:\/\/servicii.dronexpert.md\/ru\/?s={search_term_string}\"},\"query-input\":\"required name=search_term_string\"}],\"inLanguage\":\"ru-RU\"},{\"@type\":\"Organization\",\"@id\":\"https:\/\/servicii.dronexpert.md\/ru\/#organization\",\"name\":\"dronexpert.md\",\"url\":\"https:\/\/servicii.dronexpert.md\/ru\/\",\"logo\":{\"@type\":\"ImageObject\",\"inLanguage\":\"ru-RU\",\"@id\":\"https:\/\/servicii.dronexpert.md\/ru\/#\/schema\/logo\/image\/\",\"url\":\"http:\/\/servicii.dronexpert.md\/wp-content\/uploads\/2023\/02\/dronlogo-secundary.png\",\"contentUrl\":\"http:\/\/servicii.dronexpert.md\/wp-content\/uploads\/2023\/02\/dronlogo-secundary.png\",\"width\":628,\"height\":343,\"caption\":\"dronexpert.md\"},\"image\":{\"@id\":\"https:\/\/servicii.dronexpert.md\/ru\/#\/schema\/logo\/image\/\"},\"sameAs\":[\"https:\/\/www.facebook.com\/dronexpert.md\",\"https:\/\/www.instagram.com\/dronexpert.md\/\"]}]}<\/script>\n<!-- \/ Yoast SEO plugin. -->","yoast_head_json":{"title":"H\u0103r\u021bi de randment poten\u021bial - DronExpert.md","robots":{"index":"index","follow":"follow","max-snippet":"max-snippet:-1","max-image-preview":"max-image-preview:large","max-video-preview":"max-video-preview:-1"},"canonical":"https:\/\/servicii.dronexpert.md\/ru\/harti-de-randment-potential\/","og_locale":"ru_RU","og_type":"article","og_title":"H\u0103r\u021bi de randment poten\u021bial - DronExpert.md","og_description":"H\u0103r\u021bi de randament peten\u021bial H\u0103r\u021bile cu randament poten\u021bial sunt \u00eentocmite \u00een urma analizei datelor prin satelit privind starea plantelor din","og_url":"https:\/\/servicii.dronexpert.md\/ru\/harti-de-randment-potential\/","og_site_name":"DronExpert.md","article_publisher":"https:\/\/www.facebook.com\/dronexpert.md","article_modified_time":"2021-05-12T11:11:31+00:00","twitter_card":"summary_large_image","twitter_misc":{"\u041f\u0440\u0438\u043c\u0435\u0440\u043d\u043e\u0435 \u0432\u0440\u0435\u043c\u044f \u0434\u043b\u044f \u0447\u0442\u0435\u043d\u0438\u044f":"1 \u043c\u0438\u043d\u0443\u0442\u0430"},"schema":{"@context":"https:\/\/schema.org","@graph":[{"@type":"WebPage","@id":"https:\/\/servicii.dronexpert.md\/ru\/harti-de-randment-potential\/","url":"https:\/\/servicii.dronexpert.md\/ru\/harti-de-randment-potential\/","name":"H\u0103r\u021bi de randment poten\u021bial - DronExpert.md","isPartOf":{"@id":"https:\/\/servicii.dronexpert.md\/ru\/#website"},"datePublished":"2021-05-12T10:32:44+00:00","dateModified":"2021-05-12T11:11:31+00:00","breadcrumb":{"@id":"https:\/\/servicii.dronexpert.md\/ru\/harti-de-randment-potential\/#breadcrumb"},"inLanguage":"ru-RU","potentialAction":[{"@type":"ReadAction","target":["https:\/\/servicii.dronexpert.md\/ru\/harti-de-randment-potential\/"]}]},{"@type":"BreadcrumbList","@id":"https:\/\/servicii.dronexpert.md\/ru\/harti-de-randment-potential\/#breadcrumb","itemListElement":[{"@type":"ListItem","position":1,"name":"\u0413\u043b\u0430\u0432\u043d\u0430\u044f \u0441\u0442\u0440\u0430\u043d\u0438\u0446\u0430","item":"https:\/\/servicii.dronexpert.md\/ru\/"},{"@type":"ListItem","position":2,"name":"H\u0103r\u021bi de randment poten\u021bial"}]},{"@type":"WebSite","@id":"https:\/\/servicii.dronexpert.md\/ru\/#website","url":"https:\/\/servicii.dronexpert.md\/ru\/","name":"DronExpert.md","description":"1","publisher":{"@id":"https:\/\/servicii.dronexpert.md\/ru\/#organization"},"potentialAction":[{"@type":"SearchAction","target":{"@type":"EntryPoint","urlTemplate":"https:\/\/servicii.dronexpert.md\/ru\/?s={search_term_string}"},"query-input":"required name=search_term_string"}],"inLanguage":"ru-RU"},{"@type":"Organization","@id":"https:\/\/servicii.dronexpert.md\/ru\/#organization","name":"dronexpert.md","url":"https:\/\/servicii.dronexpert.md\/ru\/","logo":{"@type":"ImageObject","inLanguage":"ru-RU","@id":"https:\/\/servicii.dronexpert.md\/ru\/#\/schema\/logo\/image\/","url":"http:\/\/servicii.dronexpert.md\/wp-content\/uploads\/2023\/02\/dronlogo-secundary.png","contentUrl":"http:\/\/servicii.dronexpert.md\/wp-content\/uploads\/2023\/02\/dronlogo-secundary.png","width":628,"height":343,"caption":"dronexpert.md"},"image":{"@id":"https:\/\/servicii.dronexpert.md\/ru\/#\/schema\/logo\/image\/"},"sameAs":["https:\/\/www.facebook.com\/dronexpert.md","https:\/\/www.instagram.com\/dronexpert.md\/"]}]}},"_links":{"self":[{"href":"https:\/\/servicii.dronexpert.md\/ru\/wp-json\/wp\/v2\/pages\/1963","targetHints":{"allow":["GET"]}}],"collection":[{"href":"https:\/\/servicii.dronexpert.md\/ru\/wp-json\/wp\/v2\/pages"}],"about":[{"href":"https:\/\/servicii.dronexpert.md\/ru\/wp-json\/wp\/v2\/types\/page"}],"author":[{"embeddable":true,"href":"https:\/\/servicii.dronexpert.md\/ru\/wp-json\/wp\/v2\/users\/2"}],"replies":[{"embeddable":true,"href":"https:\/\/servicii.dronexpert.md\/ru\/wp-json\/wp\/v2\/comments?post=1963"}],"version-history":[{"count":7,"href":"https:\/\/servicii.dronexpert.md\/ru\/wp-json\/wp\/v2\/pages\/1963\/revisions"}],"predecessor-version":[{"id":1978,"href":"https:\/\/servicii.dronexpert.md\/ru\/wp-json\/wp\/v2\/pages\/1963\/revisions\/1978"}],"wp:attachment":[{"href":"https:\/\/servicii.dronexpert.md\/ru\/wp-json\/wp\/v2\/media?parent=1963"}],"curies":[{"name":"wp","href":"https:\/\/api.w.org\/{rel}","templated":true}]}}